{"id":104,"date":"2017-03-10T23:51:19","date_gmt":"2017-03-10T22:51:19","guid":{"rendered":"http:\/\/ecole-secondairerogercomtois.cssc.gouv.qc.ca\/integratic\/?page_id=104"},"modified":"2018-02-06T20:45:28","modified_gmt":"2018-02-07T01:45:28","slug":"enseignants","status":"publish","type":"page","link":"https:\/\/ecole-secondairerogercomtois.cssc.gouv.qc.ca\/integratic\/enseignants\/","title":{"rendered":"Enseignants"},"content":{"rendered":"<p>Cette section du site regroupe\u00a0des informations sur les enseignants du programme Int\u00e9gra-TIC.<\/p>\n<p>&nbsp;<\/p>\n<p>S\u00e9lectionnez une option dans le menu d\u00e9roulant ci-dessus pour afficher les informations correspondantes.<\/p>\n<p>&nbsp;<\/p>\n","protected":false},"excerpt":{"rendered":"<p>Cette section du site regroupe\u00a0des informations sur les enseignants du programme Int\u00e9gra-TIC. &nbsp; S\u00e9lectionnez une option dans le menu d\u00e9roulant ci-dessus pour afficher les informations correspondantes. &nbsp;<\/p>\n","protected":false},"author":45,"featured_media":0,"parent":0,"menu_order":0,"comment_status":"closed","ping_status":"closed","template":"","meta":{"_acf_changed":false,"inline_featured_image":false,"footnotes":""},"class_list":["post-104","page","type-page","status-publish","czr-hentry"],"acf":[],"yoast_head":"<!-- This site is optimized with the Yoast SEO plugin v27.3 - https:\/\/yoast.com\/product\/yoast-seo-wordpress\/ -->\n<title>Enseignants - Int\u00e9gra-TIC<\/title>\n<meta name=\"robots\" content=\"index, follow, max-snippet:-1, max-image-preview:large, max-video-preview:-1\" \/>\n<link rel=\"canonical\" href=\"https:\/\/ecole-secondairerogercomtois.cssc.gouv.qc.ca\/integratic\/enseignants\/\" \/>\n<meta property=\"og:locale\" content=\"fr_FR\" \/>\n<meta property=\"og:type\" content=\"article\" \/>\n<meta property=\"og:title\" content=\"Enseignants - Int\u00e9gra-TIC\" \/>\n<meta property=\"og:description\" content=\"Cette section du site regroupe\u00a0des informations sur les enseignants du programme Int\u00e9gra-TIC. &nbsp; S\u00e9lectionnez une option dans le menu d\u00e9roulant ci-dessus pour afficher les informations correspondantes. &nbsp;\" \/>\n<meta property=\"og:url\" content=\"https:\/\/ecole-secondairerogercomtois.cssc.gouv.qc.ca\/integratic\/enseignants\/\" \/>\n<meta property=\"og:site_name\" content=\"Int\u00e9gra-TIC\" \/>\n<meta property=\"article:modified_time\" content=\"2018-02-07T01:45:28+00:00\" \/>\n<meta name=\"twitter:card\" content=\"summary_large_image\" \/>\n<script type=\"application\/ld+json\" class=\"yoast-schema-graph\">{\"@context\":\"https:\\\/\\\/schema.org\",\"@graph\":[{\"@type\":\"WebPage\",\"@id\":\"https:\\\/\\\/ecole-secondairerogercomtois.cssc.gouv.qc.ca\\\/integratic\\\/enseignants\\\/\",\"url\":\"https:\\\/\\\/ecole-secondairerogercomtois.cssc.gouv.qc.ca\\\/integratic\\\/enseignants\\\/\",\"name\":\"Enseignants - Int\u00e9gra-TIC\",\"isPartOf\":{\"@id\":\"https:\\\/\\\/ecole-secondairerogercomtois.cssc.gouv.qc.ca\\\/integratic\\\/#website\"},\"datePublished\":\"2017-03-10T22:51:19+00:00\",\"dateModified\":\"2018-02-07T01:45:28+00:00\",\"inLanguage\":\"fr-FR\",\"potentialAction\":[{\"@type\":\"ReadAction\",\"target\":[\"https:\\\/\\\/ecole-secondairerogercomtois.cssc.gouv.qc.ca\\\/integratic\\\/enseignants\\\/\"]}]},{\"@type\":\"WebSite\",\"@id\":\"https:\\\/\\\/ecole-secondairerogercomtois.cssc.gouv.qc.ca\\\/integratic\\\/#website\",\"url\":\"https:\\\/\\\/ecole-secondairerogercomtois.cssc.gouv.qc.ca\\\/integratic\\\/\",\"name\":\"Int\u00e9gra-TIC\",\"description\":\"Un programme \u00e0 la fine pointe\",\"potentialAction\":[{\"@type\":\"SearchAction\",\"target\":{\"@type\":\"EntryPoint\",\"urlTemplate\":\"https:\\\/\\\/ecole-secondairerogercomtois.cssc.gouv.qc.ca\\\/integratic\\\/?s={search_term_string}\"},\"query-input\":{\"@type\":\"PropertyValueSpecification\",\"valueRequired\":true,\"valueName\":\"search_term_string\"}}],\"inLanguage\":\"fr-FR\"}]}<\/script>\n<!-- \/ Yoast SEO plugin. -->","yoast_head_json":{"title":"Enseignants - Int\u00e9gra-TIC","robots":{"index":"index","follow":"follow","max-snippet":"max-snippet:-1","max-image-preview":"max-image-preview:large","max-video-preview":"max-video-preview:-1"},"canonical":"https:\/\/ecole-secondairerogercomtois.cssc.gouv.qc.ca\/integratic\/enseignants\/","og_locale":"fr_FR","og_type":"article","og_title":"Enseignants - Int\u00e9gra-TIC","og_description":"Cette section du site regroupe\u00a0des informations sur les enseignants du programme Int\u00e9gra-TIC. &nbsp; S\u00e9lectionnez une option dans le menu d\u00e9roulant ci-dessus pour afficher les informations correspondantes. &nbsp;","og_url":"https:\/\/ecole-secondairerogercomtois.cssc.gouv.qc.ca\/integratic\/enseignants\/","og_site_name":"Int\u00e9gra-TIC","article_modified_time":"2018-02-07T01:45:28+00:00","twitter_card":"summary_large_image","schema":{"@context":"https:\/\/schema.org","@graph":[{"@type":"WebPage","@id":"https:\/\/ecole-secondairerogercomtois.cssc.gouv.qc.ca\/integratic\/enseignants\/","url":"https:\/\/ecole-secondairerogercomtois.cssc.gouv.qc.ca\/integratic\/enseignants\/","name":"Enseignants - Int\u00e9gra-TIC","isPartOf":{"@id":"https:\/\/ecole-secondairerogercomtois.cssc.gouv.qc.ca\/integratic\/#website"},"datePublished":"2017-03-10T22:51:19+00:00","dateModified":"2018-02-07T01:45:28+00:00","inLanguage":"fr-FR","potentialAction":[{"@type":"ReadAction","target":["https:\/\/ecole-secondairerogercomtois.cssc.gouv.qc.ca\/integratic\/enseignants\/"]}]},{"@type":"WebSite","@id":"https:\/\/ecole-secondairerogercomtois.cssc.gouv.qc.ca\/integratic\/#website","url":"https:\/\/ecole-secondairerogercomtois.cssc.gouv.qc.ca\/integratic\/","name":"Int\u00e9gra-TIC","description":"Un programme \u00e0 la fine pointe","potentialAction":[{"@type":"SearchAction","target":{"@type":"EntryPoint","urlTemplate":"https:\/\/ecole-secondairerogercomtois.cssc.gouv.qc.ca\/integratic\/?s={search_term_string}"},"query-input":{"@type":"PropertyValueSpecification","valueRequired":true,"valueName":"search_term_string"}}],"inLanguage":"fr-FR"}]}},"_links":{"self":[{"href":"https:\/\/ecole-secondairerogercomtois.cssc.gouv.qc.ca\/integratic\/wp-json\/wp\/v2\/pages\/104","targetHints":{"allow":["GET"]}}],"collection":[{"href":"https:\/\/ecole-secondairerogercomtois.cssc.gouv.qc.ca\/integratic\/wp-json\/wp\/v2\/pages"}],"about":[{"href":"https:\/\/ecole-secondairerogercomtois.cssc.gouv.qc.ca\/integratic\/wp-json\/wp\/v2\/types\/page"}],"author":[{"embeddable":true,"href":"https:\/\/ecole-secondairerogercomtois.cssc.gouv.qc.ca\/integratic\/wp-json\/wp\/v2\/users\/45"}],"replies":[{"embeddable":true,"href":"https:\/\/ecole-secondairerogercomtois.cssc.gouv.qc.ca\/integratic\/wp-json\/wp\/v2\/comments?post=104"}],"version-history":[{"count":6,"href":"https:\/\/ecole-secondairerogercomtois.cssc.gouv.qc.ca\/integratic\/wp-json\/wp\/v2\/pages\/104\/revisions"}],"predecessor-version":[{"id":565,"href":"https:\/\/ecole-secondairerogercomtois.cssc.gouv.qc.ca\/integratic\/wp-json\/wp\/v2\/pages\/104\/revisions\/565"}],"wp:attachment":[{"href":"https:\/\/ecole-secondairerogercomtois.cssc.gouv.qc.ca\/integratic\/wp-json\/wp\/v2\/media?parent=104"}],"curies":[{"name":"wp","href":"https:\/\/api.w.org\/{rel}","templated":true}]}}