{"id":106,"date":"2017-03-10T23:51:36","date_gmt":"2017-03-10T22:51:36","guid":{"rendered":"http:\/\/ecole-secondairerogercomtois.cssc.gouv.qc.ca\/integratic\/?page_id=106"},"modified":"2019-02-24T23:27:37","modified_gmt":"2019-02-25T04:27:37","slug":"sylvain-payeur","status":"publish","type":"page","link":"https:\/\/ecole-secondairerogercomtois.cssc.gouv.qc.ca\/integratic\/enseignants\/sylvain-payeur\/","title":{"rendered":"Sylvain Payeur"},"content":{"rendered":"<p><img loading=\"lazy\" decoding=\"async\" class=\"image alignright wp-image-490\" src=\"http:\/\/ecole-secondairerogercomtois.cssc.gouv.qc.ca\/integratic\/wp-content\/uploads\/sites\/7\/2017\/12\/Sylvain.jpg\" alt=\"\" width=\"400\" height=\"599\" srcset=\"https:\/\/ecole-secondairerogercomtois.cssc.gouv.qc.ca\/integratic\/wp-content\/uploads\/sites\/7\/2017\/12\/Sylvain.jpg 845w, https:\/\/ecole-secondairerogercomtois.cssc.gouv.qc.ca\/integratic\/wp-content\/uploads\/sites\/7\/2017\/12\/Sylvain-200x300.jpg 200w, https:\/\/ecole-secondairerogercomtois.cssc.gouv.qc.ca\/integratic\/wp-content\/uploads\/sites\/7\/2017\/12\/Sylvain-768x1151.jpg 768w, https:\/\/ecole-secondairerogercomtois.cssc.gouv.qc.ca\/integratic\/wp-content\/uploads\/sites\/7\/2017\/12\/Sylvain-683x1024.jpg 683w\" sizes=\"auto, (max-width: 400px) 100vw, 400px\" \/>Sylvain est p\u00e8re de quatre enfants et enseignant en informatique depuis 1995. Il est passionn\u00e9 d\u2019informatique et adore y relever des d\u00e9fis. Aucun \u00ab bug \u00bb ne lui r\u00e9siste tellement il s\u2019acharne \u00e0 les r\u00e9soudre. Dans son cours, l\u2019atmosph\u00e8re est d\u00e9tendue malgr\u00e9 la somme des projets r\u00e9alis\u00e9s. Le travail ne lui fait pas peur, il con\u00e7oit m\u00eame des logiciels pour faciliter le travail de ses \u00e9l\u00e8ves.<\/p>\n","protected":false},"excerpt":{"rendered":"<p>Sylvain est p\u00e8re de quatre enfants et enseignant en informatique depuis 1995. Il est passionn\u00e9 d\u2019informatique et adore y relever des d\u00e9fis. Aucun \u00ab bug \u00bb ne lui r\u00e9siste tellement il s\u2019acharne \u00e0 les r\u00e9soudre. Dans son cours, l\u2019atmosph\u00e8re est d\u00e9tendue malgr\u00e9 la somme des projets r\u00e9alis\u00e9s. Le travail ne lui fait pas peur, il [&hellip;]<\/p>\n","protected":false},"author":45,"featured_media":0,"parent":104,"menu_order":0,"comment_status":"closed","ping_status":"closed","template":"","meta":{"_acf_changed":false,"inline_featured_image":false,"footnotes":""},"class_list":["post-106","page","type-page","status-publish","czr-hentry"],"acf":[],"yoast_head":"<!-- This site is optimized with the Yoast SEO plugin v27.3 - https:\/\/yoast.com\/product\/yoast-seo-wordpress\/ -->\n<title>Sylvain Payeur - Int\u00e9gra-TIC<\/title>\n<meta name=\"robots\" content=\"index, follow, max-snippet:-1, max-image-preview:large, max-video-preview:-1\" \/>\n<link rel=\"canonical\" href=\"https:\/\/ecole-secondairerogercomtois.cssc.gouv.qc.ca\/integratic\/enseignants\/sylvain-payeur\/\" \/>\n<meta property=\"og:locale\" content=\"fr_FR\" \/>\n<meta property=\"og:type\" content=\"article\" \/>\n<meta property=\"og:title\" content=\"Sylvain Payeur - Int\u00e9gra-TIC\" \/>\n<meta property=\"og:description\" content=\"Sylvain est p\u00e8re de quatre enfants et enseignant en informatique depuis 1995. Il est passionn\u00e9 d\u2019informatique et adore y relever des d\u00e9fis. Aucun \u00ab bug \u00bb ne lui r\u00e9siste tellement il s\u2019acharne \u00e0 les r\u00e9soudre. Dans son cours, l\u2019atmosph\u00e8re est d\u00e9tendue malgr\u00e9 la somme des projets r\u00e9alis\u00e9s. Le travail ne lui fait pas peur, il [&hellip;]\" \/>\n<meta property=\"og:url\" content=\"https:\/\/ecole-secondairerogercomtois.cssc.gouv.qc.ca\/integratic\/enseignants\/sylvain-payeur\/\" \/>\n<meta property=\"og:site_name\" content=\"Int\u00e9gra-TIC\" \/>\n<meta property=\"article:modified_time\" content=\"2019-02-25T04:27:37+00:00\" \/>\n<meta property=\"og:image\" content=\"http:\/\/ecole-secondairerogercomtois.cssc.gouv.qc.ca\/integratic\/wp-content\/uploads\/sites\/7\/2017\/12\/Sylvain.jpg\" \/>\n<meta name=\"twitter:card\" content=\"summary_large_image\" \/>\n<script type=\"application\/ld+json\" class=\"yoast-schema-graph\">{\"@context\":\"https:\\\/\\\/schema.org\",\"@graph\":[{\"@type\":\"WebPage\",\"@id\":\"https:\\\/\\\/ecole-secondairerogercomtois.cssc.gouv.qc.ca\\\/integratic\\\/enseignants\\\/sylvain-payeur\\\/\",\"url\":\"https:\\\/\\\/ecole-secondairerogercomtois.cssc.gouv.qc.ca\\\/integratic\\\/enseignants\\\/sylvain-payeur\\\/\",\"name\":\"Sylvain Payeur - Int\u00e9gra-TIC\",\"isPartOf\":{\"@id\":\"https:\\\/\\\/ecole-secondairerogercomtois.cssc.gouv.qc.ca\\\/integratic\\\/#website\"},\"primaryImageOfPage\":{\"@id\":\"https:\\\/\\\/ecole-secondairerogercomtois.cssc.gouv.qc.ca\\\/integratic\\\/enseignants\\\/sylvain-payeur\\\/#primaryimage\"},\"image\":{\"@id\":\"https:\\\/\\\/ecole-secondairerogercomtois.cssc.gouv.qc.ca\\\/integratic\\\/enseignants\\\/sylvain-payeur\\\/#primaryimage\"},\"thumbnailUrl\":\"http:\\\/\\\/ecole-secondairerogercomtois.cssc.gouv.qc.ca\\\/integratic\\\/wp-content\\\/uploads\\\/sites\\\/7\\\/2017\\\/12\\\/Sylvain.jpg\",\"datePublished\":\"2017-03-10T22:51:36+00:00\",\"dateModified\":\"2019-02-25T04:27:37+00:00\",\"breadcrumb\":{\"@id\":\"https:\\\/\\\/ecole-secondairerogercomtois.cssc.gouv.qc.ca\\\/integratic\\\/enseignants\\\/sylvain-payeur\\\/#breadcrumb\"},\"inLanguage\":\"fr-FR\",\"potentialAction\":[{\"@type\":\"ReadAction\",\"target\":[\"https:\\\/\\\/ecole-secondairerogercomtois.cssc.gouv.qc.ca\\\/integratic\\\/enseignants\\\/sylvain-payeur\\\/\"]}]},{\"@type\":\"ImageObject\",\"inLanguage\":\"fr-FR\",\"@id\":\"https:\\\/\\\/ecole-secondairerogercomtois.cssc.gouv.qc.ca\\\/integratic\\\/enseignants\\\/sylvain-payeur\\\/#primaryimage\",\"url\":\"https:\\\/\\\/ecole-secondairerogercomtois.cssc.gouv.qc.ca\\\/integratic\\\/wp-content\\\/uploads\\\/sites\\\/7\\\/2017\\\/12\\\/Sylvain.jpg\",\"contentUrl\":\"https:\\\/\\\/ecole-secondairerogercomtois.cssc.gouv.qc.ca\\\/integratic\\\/wp-content\\\/uploads\\\/sites\\\/7\\\/2017\\\/12\\\/Sylvain.jpg\",\"width\":845,\"height\":1266},{\"@type\":\"BreadcrumbList\",\"@id\":\"https:\\\/\\\/ecole-secondairerogercomtois.cssc.gouv.qc.ca\\\/integratic\\\/enseignants\\\/sylvain-payeur\\\/#breadcrumb\",\"itemListElement\":[{\"@type\":\"ListItem\",\"position\":1,\"name\":\"Enseignants\",\"item\":\"https:\\\/\\\/ecole-secondairerogercomtois.cssc.gouv.qc.ca\\\/integratic\\\/enseignants\\\/\"},{\"@type\":\"ListItem\",\"position\":2,\"name\":\"Sylvain Payeur\"}]},{\"@type\":\"WebSite\",\"@id\":\"https:\\\/\\\/ecole-secondairerogercomtois.cssc.gouv.qc.ca\\\/integratic\\\/#website\",\"url\":\"https:\\\/\\\/ecole-secondairerogercomtois.cssc.gouv.qc.ca\\\/integratic\\\/\",\"name\":\"Int\u00e9gra-TIC\",\"description\":\"Un programme \u00e0 la fine pointe\",\"potentialAction\":[{\"@type\":\"SearchAction\",\"target\":{\"@type\":\"EntryPoint\",\"urlTemplate\":\"https:\\\/\\\/ecole-secondairerogercomtois.cssc.gouv.qc.ca\\\/integratic\\\/?s={search_term_string}\"},\"query-input\":{\"@type\":\"PropertyValueSpecification\",\"valueRequired\":true,\"valueName\":\"search_term_string\"}}],\"inLanguage\":\"fr-FR\"}]}<\/script>\n<!-- \/ Yoast SEO plugin. -->","yoast_head_json":{"title":"Sylvain Payeur - Int\u00e9gra-TIC","robots":{"index":"index","follow":"follow","max-snippet":"max-snippet:-1","max-image-preview":"max-image-preview:large","max-video-preview":"max-video-preview:-1"},"canonical":"https:\/\/ecole-secondairerogercomtois.cssc.gouv.qc.ca\/integratic\/enseignants\/sylvain-payeur\/","og_locale":"fr_FR","og_type":"article","og_title":"Sylvain Payeur - Int\u00e9gra-TIC","og_description":"Sylvain est p\u00e8re de quatre enfants et enseignant en informatique depuis 1995. Il est passionn\u00e9 d\u2019informatique et adore y relever des d\u00e9fis. Aucun \u00ab bug \u00bb ne lui r\u00e9siste tellement il s\u2019acharne \u00e0 les r\u00e9soudre. Dans son cours, l\u2019atmosph\u00e8re est d\u00e9tendue malgr\u00e9 la somme des projets r\u00e9alis\u00e9s. Le travail ne lui fait pas peur, il [&hellip;]","og_url":"https:\/\/ecole-secondairerogercomtois.cssc.gouv.qc.ca\/integratic\/enseignants\/sylvain-payeur\/","og_site_name":"Int\u00e9gra-TIC","article_modified_time":"2019-02-25T04:27:37+00:00","og_image":[{"url":"http:\/\/ecole-secondairerogercomtois.cssc.gouv.qc.ca\/integratic\/wp-content\/uploads\/sites\/7\/2017\/12\/Sylvain.jpg","type":"","width":"","height":""}],"twitter_card":"summary_large_image","schema":{"@context":"https:\/\/schema.org","@graph":[{"@type":"WebPage","@id":"https:\/\/ecole-secondairerogercomtois.cssc.gouv.qc.ca\/integratic\/enseignants\/sylvain-payeur\/","url":"https:\/\/ecole-secondairerogercomtois.cssc.gouv.qc.ca\/integratic\/enseignants\/sylvain-payeur\/","name":"Sylvain Payeur - Int\u00e9gra-TIC","isPartOf":{"@id":"https:\/\/ecole-secondairerogercomtois.cssc.gouv.qc.ca\/integratic\/#website"},"primaryImageOfPage":{"@id":"https:\/\/ecole-secondairerogercomtois.cssc.gouv.qc.ca\/integratic\/enseignants\/sylvain-payeur\/#primaryimage"},"image":{"@id":"https:\/\/ecole-secondairerogercomtois.cssc.gouv.qc.ca\/integratic\/enseignants\/sylvain-payeur\/#primaryimage"},"thumbnailUrl":"http:\/\/ecole-secondairerogercomtois.cssc.gouv.qc.ca\/integratic\/wp-content\/uploads\/sites\/7\/2017\/12\/Sylvain.jpg","datePublished":"2017-03-10T22:51:36+00:00","dateModified":"2019-02-25T04:27:37+00:00","breadcrumb":{"@id":"https:\/\/ecole-secondairerogercomtois.cssc.gouv.qc.ca\/integratic\/enseignants\/sylvain-payeur\/#breadcrumb"},"inLanguage":"fr-FR","potentialAction":[{"@type":"ReadAction","target":["https:\/\/ecole-secondairerogercomtois.cssc.gouv.qc.ca\/integratic\/enseignants\/sylvain-payeur\/"]}]},{"@type":"ImageObject","inLanguage":"fr-FR","@id":"https:\/\/ecole-secondairerogercomtois.cssc.gouv.qc.ca\/integratic\/enseignants\/sylvain-payeur\/#primaryimage","url":"https:\/\/ecole-secondairerogercomtois.cssc.gouv.qc.ca\/integratic\/wp-content\/uploads\/sites\/7\/2017\/12\/Sylvain.jpg","contentUrl":"https:\/\/ecole-secondairerogercomtois.cssc.gouv.qc.ca\/integratic\/wp-content\/uploads\/sites\/7\/2017\/12\/Sylvain.jpg","width":845,"height":1266},{"@type":"BreadcrumbList","@id":"https:\/\/ecole-secondairerogercomtois.cssc.gouv.qc.ca\/integratic\/enseignants\/sylvain-payeur\/#breadcrumb","itemListElement":[{"@type":"ListItem","position":1,"name":"Enseignants","item":"https:\/\/ecole-secondairerogercomtois.cssc.gouv.qc.ca\/integratic\/enseignants\/"},{"@type":"ListItem","position":2,"name":"Sylvain Payeur"}]},{"@type":"WebSite","@id":"https:\/\/ecole-secondairerogercomtois.cssc.gouv.qc.ca\/integratic\/#website","url":"https:\/\/ecole-secondairerogercomtois.cssc.gouv.qc.ca\/integratic\/","name":"Int\u00e9gra-TIC","description":"Un programme \u00e0 la fine pointe","potentialAction":[{"@type":"SearchAction","target":{"@type":"EntryPoint","urlTemplate":"https:\/\/ecole-secondairerogercomtois.cssc.gouv.qc.ca\/integratic\/?s={search_term_string}"},"query-input":{"@type":"PropertyValueSpecification","valueRequired":true,"valueName":"search_term_string"}}],"inLanguage":"fr-FR"}]}},"_links":{"self":[{"href":"https:\/\/ecole-secondairerogercomtois.cssc.gouv.qc.ca\/integratic\/wp-json\/wp\/v2\/pages\/106","targetHints":{"allow":["GET"]}}],"collection":[{"href":"https:\/\/ecole-secondairerogercomtois.cssc.gouv.qc.ca\/integratic\/wp-json\/wp\/v2\/pages"}],"about":[{"href":"https:\/\/ecole-secondairerogercomtois.cssc.gouv.qc.ca\/integratic\/wp-json\/wp\/v2\/types\/page"}],"author":[{"embeddable":true,"href":"https:\/\/ecole-secondairerogercomtois.cssc.gouv.qc.ca\/integratic\/wp-json\/wp\/v2\/users\/45"}],"replies":[{"embeddable":true,"href":"https:\/\/ecole-secondairerogercomtois.cssc.gouv.qc.ca\/integratic\/wp-json\/wp\/v2\/comments?post=106"}],"version-history":[{"count":7,"href":"https:\/\/ecole-secondairerogercomtois.cssc.gouv.qc.ca\/integratic\/wp-json\/wp\/v2\/pages\/106\/revisions"}],"predecessor-version":[{"id":900,"href":"https:\/\/ecole-secondairerogercomtois.cssc.gouv.qc.ca\/integratic\/wp-json\/wp\/v2\/pages\/106\/revisions\/900"}],"up":[{"embeddable":true,"href":"https:\/\/ecole-secondairerogercomtois.cssc.gouv.qc.ca\/integratic\/wp-json\/wp\/v2\/pages\/104"}],"wp:attachment":[{"href":"https:\/\/ecole-secondairerogercomtois.cssc.gouv.qc.ca\/integratic\/wp-json\/wp\/v2\/media?parent=106"}],"curies":[{"name":"wp","href":"https:\/\/api.w.org\/{rel}","templated":true}]}}