{"id":45,"date":"2017-03-09T23:28:47","date_gmt":"2017-03-09T22:28:47","guid":{"rendered":"http:\/\/ecole-secondairerogercomtois.cssc.gouv.qc.ca\/integratic\/?page_id=45"},"modified":"2019-02-01T16:59:19","modified_gmt":"2019-02-01T21:59:19","slug":"secondaire-1","status":"publish","type":"page","link":"https:\/\/ecole-secondairerogercomtois.cssc.gouv.qc.ca\/integratic\/description\/secondaire-1\/","title":{"rendered":"Secondaire 1"},"content":{"rendered":"<div id=\"comp-iza1lrjy\" class=\"s9\">\n<div id=\"comp-iza1lrjyinlineContent\" class=\"s9inlineContent\">\n<div id=\"comp-iza1fv0p\" class=\"s4\">\n<p class=\"font_6\"><span style=\"font-size: 36pt\"><strong>Microsoft Word<\/strong><\/span><\/p>\n<\/div>\n<div id=\"comp-iza1fv0r\" class=\"s4\">\n<p class=\"font_7\"><span class=\"color_11\"><a href=\"https:\/\/fr.wikipedia.org\/wiki\/Microsoft_Word\">Microsoft Word<\/a>\u00a0est le\u00a0logiciel de traitement de texte de la suite bureautique\u00a0Microsoft Office.<\/span><\/p>\n<p class=\"font_7\"><span class=\"color_11\">\u00c0 l&rsquo;\u00e9cole, nous utilisons la version 2010 du programme.<\/span><\/p>\n<p class=\"font_7\">Le logiciel contient\u00a0entre autres\u00a0:<\/p>\n<p>&#8211; de nouvelles fonctionnalit\u00e9s de gestion graphique (d\u00e9tourage, effets artistiques, &#8230;),<br \/>\n&#8211; une facilit\u00e9 de navigation et de recherches dans le document,<br \/>\n&#8211; une r\u00e9cup\u00e9ration simple de documents non enregistr\u00e9s et de versions ant\u00e9rieures,<br \/>\n&#8211; la gestion de la fonctionnalit\u00e9 OpenType, avec nouvelles possibilit\u00e9s de jeux stylistiques sur les polices d&rsquo;\u00e9criture,<br \/>\n&#8211; de nouvelles options de traitement des images (suppression du contour, corrections d&rsquo;image&#8230;),<br \/>\n&#8211; la v\u00e9rification orthographique contextuelle,<br \/>\n&#8211; etc.<\/p>\n<\/div>\n<p><img loading=\"lazy\" decoding=\"async\" class=\"image aligncenter wp-image-784 size-full\" src=\"http:\/\/ecole-secondairerogercomtois.cssc.gouv.qc.ca\/integratic\/wp-content\/uploads\/sites\/7\/2019\/02\/Word.jpg\" alt=\"\" width=\"1920\" height=\"1040\" srcset=\"https:\/\/ecole-secondairerogercomtois.cssc.gouv.qc.ca\/integratic\/wp-content\/uploads\/sites\/7\/2019\/02\/Word.jpg 1920w, https:\/\/ecole-secondairerogercomtois.cssc.gouv.qc.ca\/integratic\/wp-content\/uploads\/sites\/7\/2019\/02\/Word-300x163.jpg 300w, https:\/\/ecole-secondairerogercomtois.cssc.gouv.qc.ca\/integratic\/wp-content\/uploads\/sites\/7\/2019\/02\/Word-768x416.jpg 768w, https:\/\/ecole-secondairerogercomtois.cssc.gouv.qc.ca\/integratic\/wp-content\/uploads\/sites\/7\/2019\/02\/Word-1024x555.jpg 1024w\" sizes=\"auto, (max-width: 1920px) 100vw, 1920px\" \/><\/p>\n<div id=\"comp-iza1fv0s\" class=\"s2\" title=\"\"><\/div>\n<\/div>\n<\/div>\n<hr \/>\n<div id=\"comp-izddmuwq\" class=\"s9\">\n<div id=\"comp-izddmuwqinlineContent\" class=\"s9inlineContent\">\n<div id=\"comp-izddmuyt\" class=\"s2\" title=\"Excel_1.png\"><\/div>\n<\/div>\n<\/div>\n<p class=\"s2img\"><span style=\"font-size: 36pt\"><strong>Microsoft PowerPoint<\/strong><\/span><\/p>\n<div id=\"comp-izddstng\" class=\"s9\">\n<div id=\"comp-izddstnginlineContent\" class=\"s9inlineContent\">\n<div id=\"comp-izddstpf\" class=\"s4\">\n<p class=\"font_7\"><span class=\"color_11\"><a href=\"https:\/\/fr.wikipedia.org\/wiki\/Microsoft_PowerPoint\">Microsoft PowerPoint<\/a>\u00a0est le\u00a0logiciel de pr\u00e9sentation\u00a0de la suite bureautique Microsoft Office.<\/span><\/p>\n<p class=\"font_7\"><span class=\"color_11\">\u00c0 l&rsquo;\u00e9cole, nous utilisons la version 2010 du programme.<\/span><\/p>\n<p class=\"font_7\">Ce logiciel permet de cr\u00e9er des pr\u00e9sentations en positionnant de\u00a0textes, images, vid\u00e9os et autres objets\u00a0sur des pages individuelles, appel\u00e9es des \u00ab\u00a0diapositives\u00a0\u00bb.<\/p>\n<\/div>\n<p><img loading=\"lazy\" decoding=\"async\" class=\"image alignnone wp-image-790 size-full\" src=\"http:\/\/ecole-secondairerogercomtois.cssc.gouv.qc.ca\/integratic\/wp-content\/uploads\/sites\/7\/2019\/02\/PowerPoint.jpg\" alt=\"\" width=\"1920\" height=\"1040\" srcset=\"https:\/\/ecole-secondairerogercomtois.cssc.gouv.qc.ca\/integratic\/wp-content\/uploads\/sites\/7\/2019\/02\/PowerPoint.jpg 1920w, https:\/\/ecole-secondairerogercomtois.cssc.gouv.qc.ca\/integratic\/wp-content\/uploads\/sites\/7\/2019\/02\/PowerPoint-300x163.jpg 300w, https:\/\/ecole-secondairerogercomtois.cssc.gouv.qc.ca\/integratic\/wp-content\/uploads\/sites\/7\/2019\/02\/PowerPoint-768x416.jpg 768w, https:\/\/ecole-secondairerogercomtois.cssc.gouv.qc.ca\/integratic\/wp-content\/uploads\/sites\/7\/2019\/02\/PowerPoint-1024x555.jpg 1024w\" sizes=\"auto, (max-width: 1920px) 100vw, 1920px\" \/><\/p>\n<div id=\"comp-izddstph\" class=\"s2\" title=\"PowerPoint_1.png\"><\/div>\n<\/div>\n<\/div>\n<hr \/>\n<p class=\"s2img\"><span style=\"font-size: 36pt\"><strong>Google Docs<\/strong><\/span><\/p>\n<div id=\"comp-izddstng\" class=\"s9\">\n<div id=\"comp-izddstnginlineContent\" class=\"s9inlineContent\">\n<div id=\"comp-izddstpf\" class=\"s4\">\n<p class=\"font_7\"><span class=\"color_11\"><a href=\"https:\/\/fr.wikipedia.org\/wiki\/Google_Docs,_Sheets,_Slides_et_Forms\">Google Docs (ou Google Documents)<\/a> est un logiciel en ligne gratuit d\u00e9velopp\u00e9 par Google.<\/span><\/p>\n<p class=\"font_7\">Il est un \u00e9quivalent \u00e0 Microsoft Word, mais il permet aussi de travailler facilement \u00e0 plusieurs personnes en m\u00eame temps sur un m\u00eame document.<\/p>\n<\/div>\n<p><img loading=\"lazy\" decoding=\"async\" class=\"image aligncenter wp-image-400 size-full\" src=\"http:\/\/ecole-secondairerogercomtois.cssc.gouv.qc.ca\/integratic\/wp-content\/uploads\/sites\/7\/2017\/03\/GoogleDocsFinal.png\" width=\"1920\" height=\"948\" srcset=\"https:\/\/ecole-secondairerogercomtois.cssc.gouv.qc.ca\/integratic\/wp-content\/uploads\/sites\/7\/2017\/03\/GoogleDocsFinal.png 1920w, https:\/\/ecole-secondairerogercomtois.cssc.gouv.qc.ca\/integratic\/wp-content\/uploads\/sites\/7\/2017\/03\/GoogleDocsFinal-300x148.png 300w, https:\/\/ecole-secondairerogercomtois.cssc.gouv.qc.ca\/integratic\/wp-content\/uploads\/sites\/7\/2017\/03\/GoogleDocsFinal-768x379.png 768w, https:\/\/ecole-secondairerogercomtois.cssc.gouv.qc.ca\/integratic\/wp-content\/uploads\/sites\/7\/2017\/03\/GoogleDocsFinal-1024x506.png 1024w\" sizes=\"auto, (max-width: 1920px) 100vw, 1920px\" \/><\/p>\n<div id=\"comp-izddstph\" class=\"s2\" title=\"PowerPoint_1.png\"><\/div>\n<\/div>\n<\/div>\n<hr \/>\n<p class=\"s2img\"><span style=\"font-size: 36pt\"><strong>Google Sheets<\/strong><\/span><\/p>\n<div id=\"comp-izddstng\" class=\"s9\">\n<div id=\"comp-izddstnginlineContent\" class=\"s9inlineContent\">\n<div id=\"comp-izddstpf\" class=\"s4\">\n<p class=\"font_7\"><span class=\"color_11\"><a href=\"https:\/\/fr.wikipedia.org\/wiki\/Google_Docs,_Sheets,_Slides_et_Forms\">Google Sheets (ou Google Feuilles de calcul)<\/a> est un logiciel en ligne gratuit d\u00e9velopp\u00e9 par Google.<\/span><\/p>\n<p>Ce logiciel int\u00e8gre des fonctions de\u00a0calcul num\u00e9rique, de\u00a0repr\u00e9sentation graphique, d&rsquo;analyse de donn\u00e9es\u00a0(notamment de\u00a0tableau crois\u00e9 dynamique) et de\u00a0programmation.<\/p>\n<p class=\"font_7\">Il est un \u00e9quivalent \u00e0 Microsoft Excel, mais il permet aussi de travailler facilement \u00e0 plusieurs personnes en m\u00eame temps sur un m\u00eame document.<\/p>\n<\/div>\n<p><img loading=\"lazy\" decoding=\"async\" class=\"image aligncenter wp-image-789 size-full\" src=\"http:\/\/ecole-secondairerogercomtois.cssc.gouv.qc.ca\/integratic\/wp-content\/uploads\/sites\/7\/2019\/02\/Google-Sheets.jpg\" alt=\"\" width=\"1920\" height=\"1040\" srcset=\"https:\/\/ecole-secondairerogercomtois.cssc.gouv.qc.ca\/integratic\/wp-content\/uploads\/sites\/7\/2019\/02\/Google-Sheets.jpg 1920w, https:\/\/ecole-secondairerogercomtois.cssc.gouv.qc.ca\/integratic\/wp-content\/uploads\/sites\/7\/2019\/02\/Google-Sheets-300x163.jpg 300w, https:\/\/ecole-secondairerogercomtois.cssc.gouv.qc.ca\/integratic\/wp-content\/uploads\/sites\/7\/2019\/02\/Google-Sheets-768x416.jpg 768w, https:\/\/ecole-secondairerogercomtois.cssc.gouv.qc.ca\/integratic\/wp-content\/uploads\/sites\/7\/2019\/02\/Google-Sheets-1024x555.jpg 1024w\" sizes=\"auto, (max-width: 1920px) 100vw, 1920px\" \/><\/p>\n<div id=\"comp-izddstph\" class=\"s2\" title=\"PowerPoint_1.png\"><\/div>\n<\/div>\n<\/div>\n<hr \/>\n<p class=\"s2img\"><span style=\"font-size: 36pt\"><strong>Google Slides<\/strong><\/span><\/p>\n<div id=\"comp-izddstng\" class=\"s9\">\n<div id=\"comp-izddstnginlineContent\" class=\"s9inlineContent\">\n<div id=\"comp-izddstpf\" class=\"s4\">\n<p class=\"font_7\"><span class=\"color_11\"><a href=\"https:\/\/fr.wikipedia.org\/wiki\/Google_Docs,_Sheets,_Slides_et_Forms\">Google Slides (ou Google Pr\u00e9sentations)<\/a> est un logiciel en ligne gratuit d\u00e9velopp\u00e9 par Google.<\/span><\/p>\n<p class=\"font_7\">Il est un \u00e9quivalent \u00e0 Microsoft PowerPoint, mais il permet aussi de travailler facilement \u00e0 plusieurs personnes en m\u00eame temps sur un m\u00eame document.<\/p>\n<\/div>\n<p><img loading=\"lazy\" decoding=\"async\" class=\"image aligncenter wp-image-788 size-full\" src=\"http:\/\/ecole-secondairerogercomtois.cssc.gouv.qc.ca\/integratic\/wp-content\/uploads\/sites\/7\/2019\/02\/Google-Slides.jpg\" alt=\"\" width=\"1920\" height=\"1040\" srcset=\"https:\/\/ecole-secondairerogercomtois.cssc.gouv.qc.ca\/integratic\/wp-content\/uploads\/sites\/7\/2019\/02\/Google-Slides.jpg 1920w, https:\/\/ecole-secondairerogercomtois.cssc.gouv.qc.ca\/integratic\/wp-content\/uploads\/sites\/7\/2019\/02\/Google-Slides-300x163.jpg 300w, https:\/\/ecole-secondairerogercomtois.cssc.gouv.qc.ca\/integratic\/wp-content\/uploads\/sites\/7\/2019\/02\/Google-Slides-768x416.jpg 768w, https:\/\/ecole-secondairerogercomtois.cssc.gouv.qc.ca\/integratic\/wp-content\/uploads\/sites\/7\/2019\/02\/Google-Slides-1024x555.jpg 1024w\" sizes=\"auto, (max-width: 1920px) 100vw, 1920px\" \/><\/p>\n<div id=\"comp-izddstph\" class=\"s2\" title=\"PowerPoint_1.png\">\n<div id=\"comp-izddstng\" class=\"s9\">\n<div id=\"comp-izddstnginlineContent\" class=\"s9inlineContent\">\n<div id=\"comp-izddstph\" class=\"s2\" title=\"PowerPoint_1.png\"><\/div>\n<\/div>\n<\/div>\n<hr \/>\n<p class=\"s2img\"><span style=\"font-size: 36pt\"><strong>Prezi<\/strong><\/span><\/p>\n<div id=\"comp-izddstng\" class=\"s9\">\n<div id=\"comp-izddstnginlineContent\" class=\"s9inlineContent\">\n<div id=\"comp-izddstpf\" class=\"s4\">\n<p class=\"font_7\"><span class=\"color_11\"><a href=\"https:\/\/prezi.com\/\">Prezi<\/a> est un logiciel de pr\u00e9sentation permettant de faire des pr\u00e9sentations captivantes et dynamiques.<\/span><\/p>\n<p class=\"font_7\">Il est une alternative \u00e0 Microsoft PowerPoint et permet aussi de travailler facilement \u00e0 plusieurs personnes en m\u00eame temps sur un m\u00eame projet.<\/p>\n<p><img loading=\"lazy\" decoding=\"async\" class=\"image aligncenter wp-image-791 size-full\" src=\"http:\/\/ecole-secondairerogercomtois.cssc.gouv.qc.ca\/integratic\/wp-content\/uploads\/sites\/7\/2019\/02\/Prezi.jpg\" alt=\"\" width=\"1920\" height=\"1040\" srcset=\"https:\/\/ecole-secondairerogercomtois.cssc.gouv.qc.ca\/integratic\/wp-content\/uploads\/sites\/7\/2019\/02\/Prezi.jpg 1920w, https:\/\/ecole-secondairerogercomtois.cssc.gouv.qc.ca\/integratic\/wp-content\/uploads\/sites\/7\/2019\/02\/Prezi-300x163.jpg 300w, https:\/\/ecole-secondairerogercomtois.cssc.gouv.qc.ca\/integratic\/wp-content\/uploads\/sites\/7\/2019\/02\/Prezi-768x416.jpg 768w, https:\/\/ecole-secondairerogercomtois.cssc.gouv.qc.ca\/integratic\/wp-content\/uploads\/sites\/7\/2019\/02\/Prezi-1024x555.jpg 1024w\" sizes=\"auto, (max-width: 1920px) 100vw, 1920px\" \/><\/p>\n<\/div>\n<\/div>\n<\/div>\n<\/div>\n<\/div>\n<\/div>\n<hr \/>\n<p class=\"s2img\"><span style=\"font-size: 36pt\"><strong>LEGO Mindstorms<\/strong><\/span><\/p>\n<div id=\"comp-izddstng\" class=\"s9\">\n<div id=\"comp-izddstnginlineContent\" class=\"s9inlineContent\">\n<div id=\"comp-izddstpf\" class=\"s4\">\n<p class=\"font_7\"><span class=\"color_11\"><a href=\"https:\/\/fr.wikipedia.org\/wiki\/Lego_Mindstorms\">LEGO Mindstorms<\/a> est un ensemble de robotique de la compagnie LEGO qui aide \u00e0 apprendre aux plus jeunes comme aux moins jeunes des concepts qui introduisent la programmation.<\/span><\/p>\n<p class=\"font_7\">Cette s\u00e9rie de LEGO permet aux \u00e9l\u00e8ves d&rsquo;assembler leur propre robot, puis le programmer \u00e0 l&rsquo;aide d&rsquo;un logiciel fourni pour qu&rsquo;il effectue certaines actions d\u00e9sir\u00e9es.<\/p>\n<\/div>\n<p><img loading=\"lazy\" decoding=\"async\" class=\"image aligncenter wp-image-410 size-full\" src=\"http:\/\/ecole-secondairerogercomtois.cssc.gouv.qc.ca\/integratic\/wp-content\/uploads\/sites\/7\/2017\/03\/MindstormsFinal.png\" width=\"1916\" height=\"1038\" srcset=\"https:\/\/ecole-secondairerogercomtois.cssc.gouv.qc.ca\/integratic\/wp-content\/uploads\/sites\/7\/2017\/03\/MindstormsFinal.png 1916w, https:\/\/ecole-secondairerogercomtois.cssc.gouv.qc.ca\/integratic\/wp-content\/uploads\/sites\/7\/2017\/03\/MindstormsFinal-300x163.png 300w, https:\/\/ecole-secondairerogercomtois.cssc.gouv.qc.ca\/integratic\/wp-content\/uploads\/sites\/7\/2017\/03\/MindstormsFinal-768x416.png 768w, https:\/\/ecole-secondairerogercomtois.cssc.gouv.qc.ca\/integratic\/wp-content\/uploads\/sites\/7\/2017\/03\/MindstormsFinal-1024x555.png 1024w\" sizes=\"auto, (max-width: 1916px) 100vw, 1916px\" \/><\/p>\n<div id=\"comp-izddstph\" class=\"s2\" title=\"PowerPoint_1.png\"><\/div>\n<\/div>\n<\/div>\n<hr \/>\n","protected":false},"excerpt":{"rendered":"<p>Microsoft Word Microsoft Word\u00a0est le\u00a0logiciel de traitement de texte de la suite bureautique\u00a0Microsoft Office. \u00c0 l&rsquo;\u00e9cole, nous utilisons la version 2010 du programme. Le logiciel contient\u00a0entre autres\u00a0: &#8211; de nouvelles fonctionnalit\u00e9s de gestion graphique (d\u00e9tourage, effets artistiques, &#8230;), &#8211; une facilit\u00e9 de navigation et de recherches dans le document, &#8211; une r\u00e9cup\u00e9ration simple de documents [&hellip;]<\/p>\n","protected":false},"author":45,"featured_media":0,"parent":37,"menu_order":0,"comment_status":"closed","ping_status":"closed","template":"","meta":{"_acf_changed":false,"inline_featured_image":false,"footnotes":""},"class_list":["post-45","page","type-page","status-publish","czr-hentry"],"acf":[],"yoast_head":"<!-- This site is optimized with the Yoast SEO plugin v27.3 - https:\/\/yoast.com\/product\/yoast-seo-wordpress\/ -->\n<title>Secondaire 1 - Int\u00e9gra-TIC<\/title>\n<meta name=\"robots\" content=\"index, follow, max-snippet:-1, max-image-preview:large, max-video-preview:-1\" \/>\n<link rel=\"canonical\" href=\"https:\/\/ecole-secondairerogercomtois.cssc.gouv.qc.ca\/integratic\/description\/secondaire-1\/\" \/>\n<meta property=\"og:locale\" content=\"fr_FR\" \/>\n<meta property=\"og:type\" content=\"article\" \/>\n<meta property=\"og:title\" content=\"Secondaire 1 - Int\u00e9gra-TIC\" \/>\n<meta property=\"og:description\" content=\"Microsoft Word Microsoft Word\u00a0est le\u00a0logiciel de traitement de texte de la suite bureautique\u00a0Microsoft Office. \u00c0 l&rsquo;\u00e9cole, nous utilisons la version 2010 du programme. Le logiciel contient\u00a0entre autres\u00a0: &#8211; de nouvelles fonctionnalit\u00e9s de gestion graphique (d\u00e9tourage, effets artistiques, &#8230;), &#8211; une facilit\u00e9 de navigation et de recherches dans le document, &#8211; une r\u00e9cup\u00e9ration simple de documents [&hellip;]\" \/>\n<meta property=\"og:url\" content=\"https:\/\/ecole-secondairerogercomtois.cssc.gouv.qc.ca\/integratic\/description\/secondaire-1\/\" \/>\n<meta property=\"og:site_name\" content=\"Int\u00e9gra-TIC\" \/>\n<meta property=\"article:modified_time\" content=\"2019-02-01T21:59:19+00:00\" \/>\n<meta property=\"og:image\" content=\"http:\/\/ecole-secondairerogercomtois.cssc.gouv.qc.ca\/integratic\/wp-content\/uploads\/sites\/7\/2019\/02\/Word.jpg\" \/>\n<meta name=\"twitter:card\" content=\"summary_large_image\" \/>\n<meta name=\"twitter:label1\" content=\"Dur\u00e9e de lecture estim\u00e9e\" \/>\n\t<meta name=\"twitter:data1\" content=\"2 minutes\" \/>\n<script type=\"application\/ld+json\" class=\"yoast-schema-graph\">{\"@context\":\"https:\\\/\\\/schema.org\",\"@graph\":[{\"@type\":\"WebPage\",\"@id\":\"https:\\\/\\\/ecole-secondairerogercomtois.cssc.gouv.qc.ca\\\/integratic\\\/description\\\/secondaire-1\\\/\",\"url\":\"https:\\\/\\\/ecole-secondairerogercomtois.cssc.gouv.qc.ca\\\/integratic\\\/description\\\/secondaire-1\\\/\",\"name\":\"Secondaire 1 - Int\u00e9gra-TIC\",\"isPartOf\":{\"@id\":\"https:\\\/\\\/ecole-secondairerogercomtois.cssc.gouv.qc.ca\\\/integratic\\\/#website\"},\"primaryImageOfPage\":{\"@id\":\"https:\\\/\\\/ecole-secondairerogercomtois.cssc.gouv.qc.ca\\\/integratic\\\/description\\\/secondaire-1\\\/#primaryimage\"},\"image\":{\"@id\":\"https:\\\/\\\/ecole-secondairerogercomtois.cssc.gouv.qc.ca\\\/integratic\\\/description\\\/secondaire-1\\\/#primaryimage\"},\"thumbnailUrl\":\"http:\\\/\\\/ecole-secondairerogercomtois.cssc.gouv.qc.ca\\\/integratic\\\/wp-content\\\/uploads\\\/sites\\\/7\\\/2019\\\/02\\\/Word.jpg\",\"datePublished\":\"2017-03-09T22:28:47+00:00\",\"dateModified\":\"2019-02-01T21:59:19+00:00\",\"breadcrumb\":{\"@id\":\"https:\\\/\\\/ecole-secondairerogercomtois.cssc.gouv.qc.ca\\\/integratic\\\/description\\\/secondaire-1\\\/#breadcrumb\"},\"inLanguage\":\"fr-FR\",\"potentialAction\":[{\"@type\":\"ReadAction\",\"target\":[\"https:\\\/\\\/ecole-secondairerogercomtois.cssc.gouv.qc.ca\\\/integratic\\\/description\\\/secondaire-1\\\/\"]}]},{\"@type\":\"ImageObject\",\"inLanguage\":\"fr-FR\",\"@id\":\"https:\\\/\\\/ecole-secondairerogercomtois.cssc.gouv.qc.ca\\\/integratic\\\/description\\\/secondaire-1\\\/#primaryimage\",\"url\":\"https:\\\/\\\/ecole-secondairerogercomtois.cssc.gouv.qc.ca\\\/integratic\\\/wp-content\\\/uploads\\\/sites\\\/7\\\/2019\\\/02\\\/Word.jpg\",\"contentUrl\":\"https:\\\/\\\/ecole-secondairerogercomtois.cssc.gouv.qc.ca\\\/integratic\\\/wp-content\\\/uploads\\\/sites\\\/7\\\/2019\\\/02\\\/Word.jpg\",\"width\":1920,\"height\":1040},{\"@type\":\"BreadcrumbList\",\"@id\":\"https:\\\/\\\/ecole-secondairerogercomtois.cssc.gouv.qc.ca\\\/integratic\\\/description\\\/secondaire-1\\\/#breadcrumb\",\"itemListElement\":[{\"@type\":\"ListItem\",\"position\":1,\"name\":\"Description\",\"item\":\"https:\\\/\\\/ecole-secondairerogercomtois.cssc.gouv.qc.ca\\\/integratic\\\/description\\\/\"},{\"@type\":\"ListItem\",\"position\":2,\"name\":\"Secondaire 1\"}]},{\"@type\":\"WebSite\",\"@id\":\"https:\\\/\\\/ecole-secondairerogercomtois.cssc.gouv.qc.ca\\\/integratic\\\/#website\",\"url\":\"https:\\\/\\\/ecole-secondairerogercomtois.cssc.gouv.qc.ca\\\/integratic\\\/\",\"name\":\"Int\u00e9gra-TIC\",\"description\":\"Un programme \u00e0 la fine pointe\",\"potentialAction\":[{\"@type\":\"SearchAction\",\"target\":{\"@type\":\"EntryPoint\",\"urlTemplate\":\"https:\\\/\\\/ecole-secondairerogercomtois.cssc.gouv.qc.ca\\\/integratic\\\/?s={search_term_string}\"},\"query-input\":{\"@type\":\"PropertyValueSpecification\",\"valueRequired\":true,\"valueName\":\"search_term_string\"}}],\"inLanguage\":\"fr-FR\"}]}<\/script>\n<!-- \/ Yoast SEO plugin. -->","yoast_head_json":{"title":"Secondaire 1 - Int\u00e9gra-TIC","robots":{"index":"index","follow":"follow","max-snippet":"max-snippet:-1","max-image-preview":"max-image-preview:large","max-video-preview":"max-video-preview:-1"},"canonical":"https:\/\/ecole-secondairerogercomtois.cssc.gouv.qc.ca\/integratic\/description\/secondaire-1\/","og_locale":"fr_FR","og_type":"article","og_title":"Secondaire 1 - Int\u00e9gra-TIC","og_description":"Microsoft Word Microsoft Word\u00a0est le\u00a0logiciel de traitement de texte de la suite bureautique\u00a0Microsoft Office. \u00c0 l&rsquo;\u00e9cole, nous utilisons la version 2010 du programme. Le logiciel contient\u00a0entre autres\u00a0: &#8211; de nouvelles fonctionnalit\u00e9s de gestion graphique (d\u00e9tourage, effets artistiques, &#8230;), &#8211; une facilit\u00e9 de navigation et de recherches dans le document, &#8211; une r\u00e9cup\u00e9ration simple de documents [&hellip;]","og_url":"https:\/\/ecole-secondairerogercomtois.cssc.gouv.qc.ca\/integratic\/description\/secondaire-1\/","og_site_name":"Int\u00e9gra-TIC","article_modified_time":"2019-02-01T21:59:19+00:00","og_image":[{"url":"http:\/\/ecole-secondairerogercomtois.cssc.gouv.qc.ca\/integratic\/wp-content\/uploads\/sites\/7\/2019\/02\/Word.jpg","type":"","width":"","height":""}],"twitter_card":"summary_large_image","twitter_misc":{"Dur\u00e9e de lecture estim\u00e9e":"2 minutes"},"schema":{"@context":"https:\/\/schema.org","@graph":[{"@type":"WebPage","@id":"https:\/\/ecole-secondairerogercomtois.cssc.gouv.qc.ca\/integratic\/description\/secondaire-1\/","url":"https:\/\/ecole-secondairerogercomtois.cssc.gouv.qc.ca\/integratic\/description\/secondaire-1\/","name":"Secondaire 1 - Int\u00e9gra-TIC","isPartOf":{"@id":"https:\/\/ecole-secondairerogercomtois.cssc.gouv.qc.ca\/integratic\/#website"},"primaryImageOfPage":{"@id":"https:\/\/ecole-secondairerogercomtois.cssc.gouv.qc.ca\/integratic\/description\/secondaire-1\/#primaryimage"},"image":{"@id":"https:\/\/ecole-secondairerogercomtois.cssc.gouv.qc.ca\/integratic\/description\/secondaire-1\/#primaryimage"},"thumbnailUrl":"http:\/\/ecole-secondairerogercomtois.cssc.gouv.qc.ca\/integratic\/wp-content\/uploads\/sites\/7\/2019\/02\/Word.jpg","datePublished":"2017-03-09T22:28:47+00:00","dateModified":"2019-02-01T21:59:19+00:00","breadcrumb":{"@id":"https:\/\/ecole-secondairerogercomtois.cssc.gouv.qc.ca\/integratic\/description\/secondaire-1\/#breadcrumb"},"inLanguage":"fr-FR","potentialAction":[{"@type":"ReadAction","target":["https:\/\/ecole-secondairerogercomtois.cssc.gouv.qc.ca\/integratic\/description\/secondaire-1\/"]}]},{"@type":"ImageObject","inLanguage":"fr-FR","@id":"https:\/\/ecole-secondairerogercomtois.cssc.gouv.qc.ca\/integratic\/description\/secondaire-1\/#primaryimage","url":"https:\/\/ecole-secondairerogercomtois.cssc.gouv.qc.ca\/integratic\/wp-content\/uploads\/sites\/7\/2019\/02\/Word.jpg","contentUrl":"https:\/\/ecole-secondairerogercomtois.cssc.gouv.qc.ca\/integratic\/wp-content\/uploads\/sites\/7\/2019\/02\/Word.jpg","width":1920,"height":1040},{"@type":"BreadcrumbList","@id":"https:\/\/ecole-secondairerogercomtois.cssc.gouv.qc.ca\/integratic\/description\/secondaire-1\/#breadcrumb","itemListElement":[{"@type":"ListItem","position":1,"name":"Description","item":"https:\/\/ecole-secondairerogercomtois.cssc.gouv.qc.ca\/integratic\/description\/"},{"@type":"ListItem","position":2,"name":"Secondaire 1"}]},{"@type":"WebSite","@id":"https:\/\/ecole-secondairerogercomtois.cssc.gouv.qc.ca\/integratic\/#website","url":"https:\/\/ecole-secondairerogercomtois.cssc.gouv.qc.ca\/integratic\/","name":"Int\u00e9gra-TIC","description":"Un programme \u00e0 la fine pointe","potentialAction":[{"@type":"SearchAction","target":{"@type":"EntryPoint","urlTemplate":"https:\/\/ecole-secondairerogercomtois.cssc.gouv.qc.ca\/integratic\/?s={search_term_string}"},"query-input":{"@type":"PropertyValueSpecification","valueRequired":true,"valueName":"search_term_string"}}],"inLanguage":"fr-FR"}]}},"_links":{"self":[{"href":"https:\/\/ecole-secondairerogercomtois.cssc.gouv.qc.ca\/integratic\/wp-json\/wp\/v2\/pages\/45","targetHints":{"allow":["GET"]}}],"collection":[{"href":"https:\/\/ecole-secondairerogercomtois.cssc.gouv.qc.ca\/integratic\/wp-json\/wp\/v2\/pages"}],"about":[{"href":"https:\/\/ecole-secondairerogercomtois.cssc.gouv.qc.ca\/integratic\/wp-json\/wp\/v2\/types\/page"}],"author":[{"embeddable":true,"href":"https:\/\/ecole-secondairerogercomtois.cssc.gouv.qc.ca\/integratic\/wp-json\/wp\/v2\/users\/45"}],"replies":[{"embeddable":true,"href":"https:\/\/ecole-secondairerogercomtois.cssc.gouv.qc.ca\/integratic\/wp-json\/wp\/v2\/comments?post=45"}],"version-history":[{"count":36,"href":"https:\/\/ecole-secondairerogercomtois.cssc.gouv.qc.ca\/integratic\/wp-json\/wp\/v2\/pages\/45\/revisions"}],"predecessor-version":[{"id":793,"href":"https:\/\/ecole-secondairerogercomtois.cssc.gouv.qc.ca\/integratic\/wp-json\/wp\/v2\/pages\/45\/revisions\/793"}],"up":[{"embeddable":true,"href":"https:\/\/ecole-secondairerogercomtois.cssc.gouv.qc.ca\/integratic\/wp-json\/wp\/v2\/pages\/37"}],"wp:attachment":[{"href":"https:\/\/ecole-secondairerogercomtois.cssc.gouv.qc.ca\/integratic\/wp-json\/wp\/v2\/media?parent=45"}],"curies":[{"name":"wp","href":"https:\/\/api.w.org\/{rel}","templated":true}]}}