{"id":68,"date":"2017-03-10T23:44:13","date_gmt":"2017-03-10T22:44:13","guid":{"rendered":"http:\/\/ecole-secondairerogercomtois.cssc.gouv.qc.ca\/integratic\/?page_id=68"},"modified":"2018-02-06T20:39:19","modified_gmt":"2018-02-07T01:39:19","slug":"secondaire-3","status":"publish","type":"page","link":"https:\/\/ecole-secondairerogercomtois.cssc.gouv.qc.ca\/integratic\/description\/secondaire-3\/","title":{"rendered":"Secondaire 3"},"content":{"rendered":"<div id=\"comp-iza1lrjy\" class=\"s9\">\n<div id=\"comp-iza1lrjyinlineContent\" class=\"s9inlineContent\">\n<div id=\"comp-iza1fv0p\" class=\"s4\">\n<p class=\"font_6\"><span style=\"font-size: 36pt\"><strong>Adobe Dreamweaver<\/strong><\/span><\/p>\n<\/div>\n<div id=\"comp-iza1fv0r\" class=\"s4\">\n<p class=\"font_7\"><span class=\"color_11\"><a href=\"https:\/\/fr.wikipedia.org\/wiki\/Adobe_Dreamweaver\">Dreamweaver<\/a> est un \u00e9diteur de site Web \u00e9dit\u00e9 par Adobe.<\/span><\/p>\n<p class=\"font_7\"><span class=\"color_11\">\u00c0 l&rsquo;\u00e9cole, nous utilisons la version CC du programme.<\/span><\/p>\n<p>&nbsp;<\/p>\n<p class=\"font_7\">Le meilleur outil de cr\u00e9ation de sites Web professionnels est \u00e9galement le meilleur outil de d\u00e9veloppement de puissantes applications dynamiques pour Internet. Ce logiciel permet de travailler dans un environnement unifi\u00e9 qui vous permettra de rapidement cr\u00e9er, d\u00e9velopper et g\u00e9rer des sites Web et applications Internet ; outils de mise en page visuelle, d\u00e9veloppement rapide d\u2019applications Web et excellentes fonctions de travail dans le code.<\/p>\n<\/div>\n<p><img loading=\"lazy\" decoding=\"async\" class=\"image wp-image-217 size-full aligncenter\" src=\"http:\/\/ecole-secondairerogercomtois.cssc.gouv.qc.ca\/integratic\/wp-content\/uploads\/sites\/7\/2017\/03\/Dreamweaver.png\" width=\"1920\" height=\"1040\" srcset=\"https:\/\/ecole-secondairerogercomtois.cssc.gouv.qc.ca\/integratic\/wp-content\/uploads\/sites\/7\/2017\/03\/Dreamweaver.png 1920w, https:\/\/ecole-secondairerogercomtois.cssc.gouv.qc.ca\/integratic\/wp-content\/uploads\/sites\/7\/2017\/03\/Dreamweaver-300x163.png 300w, https:\/\/ecole-secondairerogercomtois.cssc.gouv.qc.ca\/integratic\/wp-content\/uploads\/sites\/7\/2017\/03\/Dreamweaver-768x416.png 768w, https:\/\/ecole-secondairerogercomtois.cssc.gouv.qc.ca\/integratic\/wp-content\/uploads\/sites\/7\/2017\/03\/Dreamweaver-1024x555.png 1024w\" sizes=\"auto, (max-width: 1920px) 100vw, 1920px\" \/><\/p>\n<div id=\"comp-iza1fv0s\" class=\"s2\" title=\"\"><\/div>\n<\/div>\n<\/div>\n<hr \/>\n<p>&nbsp;<\/p>\n<p><span style=\"font-size: 36pt\"><strong>WordPress<\/strong><\/span><\/p>\n<div id=\"comp-izddmuwq\" class=\"s9\">\n<div id=\"comp-izddmuwqinlineContent\" class=\"s9inlineContent\">\n<div id=\"comp-izddmuys\" class=\"s4\">\n<p class=\"font_7\"><span class=\"color_11\"><a href=\"https:\/\/fr.wikipedia.org\/wiki\/WordPress\">WordPress<\/a> est un syst\u00e8me permettant de g\u00e9rer n&rsquo;importe quel site Web ou blog. Il permet entre autres \u00e0 plusieurs auteurs de publier des articles, lesquels seront class\u00e9s par date et par cat\u00e9gories.<\/span><\/p>\n<p class=\"font_7\"><span class=\"color_11\">D&rsquo;ailleurs, le site Web que vous consultez pr\u00e9sentement \u00e0 \u00e9t\u00e9 con\u00e7u \u00e0 l&rsquo;aide de WordPress.<\/span><\/p>\n<p>&nbsp;<\/p>\n<p class=\"font_7\">Il est open-source, ce qui signifie que tout le monde peut participer \u00e0 son \u00e9volution en proposant des codes, des id\u00e9es et des th\u00e8mes.<\/p>\n<p>&nbsp;<\/p>\n<p class=\"font_7\">En d\u00e9cembre 2016, WordPress \u00e9tait utilis\u00e9 par 27 % des sites Web dans le monde.<\/p>\n<\/div>\n<p><img loading=\"lazy\" decoding=\"async\" class=\"image wp-image-224 size-full aligncenter\" src=\"http:\/\/ecole-secondairerogercomtois.cssc.gouv.qc.ca\/integratic\/wp-content\/uploads\/sites\/7\/2017\/03\/WordPress.png\" width=\"1920\" height=\"974\" srcset=\"https:\/\/ecole-secondairerogercomtois.cssc.gouv.qc.ca\/integratic\/wp-content\/uploads\/sites\/7\/2017\/03\/WordPress.png 1920w, https:\/\/ecole-secondairerogercomtois.cssc.gouv.qc.ca\/integratic\/wp-content\/uploads\/sites\/7\/2017\/03\/WordPress-300x152.png 300w, https:\/\/ecole-secondairerogercomtois.cssc.gouv.qc.ca\/integratic\/wp-content\/uploads\/sites\/7\/2017\/03\/WordPress-768x390.png 768w, https:\/\/ecole-secondairerogercomtois.cssc.gouv.qc.ca\/integratic\/wp-content\/uploads\/sites\/7\/2017\/03\/WordPress-1024x519.png 1024w\" sizes=\"auto, (max-width: 1920px) 100vw, 1920px\" \/><\/p>\n<\/div>\n<\/div>\n<div id=\"comp-izddstng\" class=\"s9\"><\/div>\n<hr \/>\n<p>&nbsp;<\/p>\n<p><span style=\"font-size: 36pt\"><strong>Adobe After Effects<\/strong><\/span><\/p>\n<div id=\"comp-izddmuwq\" class=\"s9\">\n<div id=\"comp-izddmuwqinlineContent\" class=\"s9inlineContent\">\n<div id=\"comp-izddmuys\" class=\"s4\">\n<p class=\"font_7\"><span class=\"color_11\"><a href=\"https:\/\/fr.wikipedia.org\/wiki\/Adobe_After_Effects\">After Effects<\/a> est un logiciel de montage vid\u00e9o, de composition et d&rsquo;effets visuels \u00e9dit\u00e9 par Adobe.<\/span><\/p>\n<p class=\"font_7\"><span class=\"color_11\">\u00c0 l&rsquo;\u00e9cole, nous utilisons la version CC du programme.<\/span><\/p>\n<p>&nbsp;<\/p>\n<p class=\"font_7\">Ce logiciel permet la r\u00e9alisation d&rsquo;effets sp\u00e9ciaux et d&rsquo;animations graphiques d&rsquo;une grande sophistication, jusqu&rsquo;alors r\u00e9serv\u00e9s aux studios professionnels de cin\u00e9ma.<\/p>\n<\/div>\n<p><img loading=\"lazy\" decoding=\"async\" class=\"image aligncenter wp-image-422 size-full\" src=\"http:\/\/ecole-secondairerogercomtois.cssc.gouv.qc.ca\/integratic\/wp-content\/uploads\/sites\/7\/2017\/03\/AfterEffects.png\" width=\"1800\" height=\"1000\" srcset=\"https:\/\/ecole-secondairerogercomtois.cssc.gouv.qc.ca\/integratic\/wp-content\/uploads\/sites\/7\/2017\/03\/AfterEffects.png 1800w, https:\/\/ecole-secondairerogercomtois.cssc.gouv.qc.ca\/integratic\/wp-content\/uploads\/sites\/7\/2017\/03\/AfterEffects-300x167.png 300w, https:\/\/ecole-secondairerogercomtois.cssc.gouv.qc.ca\/integratic\/wp-content\/uploads\/sites\/7\/2017\/03\/AfterEffects-768x427.png 768w, https:\/\/ecole-secondairerogercomtois.cssc.gouv.qc.ca\/integratic\/wp-content\/uploads\/sites\/7\/2017\/03\/AfterEffects-1024x569.png 1024w\" sizes=\"auto, (max-width: 1800px) 100vw, 1800px\" \/><\/p>\n<\/div>\n<\/div>\n<div id=\"comp-izddstng\" class=\"s9\"><\/div>\n<hr \/>\n<p>&nbsp;<\/p>\n","protected":false},"excerpt":{"rendered":"<p>Adobe Dreamweaver Dreamweaver est un \u00e9diteur de site Web \u00e9dit\u00e9 par Adobe. \u00c0 l&rsquo;\u00e9cole, nous utilisons la version CC du programme. &nbsp; Le meilleur outil de cr\u00e9ation de sites Web professionnels est \u00e9galement le meilleur outil de d\u00e9veloppement de puissantes applications dynamiques pour Internet. Ce logiciel permet de travailler dans un environnement unifi\u00e9 qui vous [&hellip;]<\/p>\n","protected":false},"author":45,"featured_media":0,"parent":37,"menu_order":0,"comment_status":"closed","ping_status":"closed","template":"","meta":{"_acf_changed":false,"inline_featured_image":false,"footnotes":""},"class_list":["post-68","page","type-page","status-publish","czr-hentry"],"acf":[],"yoast_head":"<!-- This site is optimized with the Yoast SEO plugin v27.3 - https:\/\/yoast.com\/product\/yoast-seo-wordpress\/ -->\n<title>Secondaire 3 - Int\u00e9gra-TIC<\/title>\n<meta name=\"robots\" content=\"index, follow, max-snippet:-1, max-image-preview:large, max-video-preview:-1\" \/>\n<link rel=\"canonical\" href=\"https:\/\/ecole-secondairerogercomtois.cssc.gouv.qc.ca\/integratic\/description\/secondaire-3\/\" \/>\n<meta property=\"og:locale\" content=\"fr_FR\" \/>\n<meta property=\"og:type\" content=\"article\" \/>\n<meta property=\"og:title\" content=\"Secondaire 3 - Int\u00e9gra-TIC\" \/>\n<meta property=\"og:description\" content=\"Adobe Dreamweaver Dreamweaver est un \u00e9diteur de site Web \u00e9dit\u00e9 par Adobe. \u00c0 l&rsquo;\u00e9cole, nous utilisons la version CC du programme. &nbsp; Le meilleur outil de cr\u00e9ation de sites Web professionnels est \u00e9galement le meilleur outil de d\u00e9veloppement de puissantes applications dynamiques pour Internet. Ce logiciel permet de travailler dans un environnement unifi\u00e9 qui vous [&hellip;]\" \/>\n<meta property=\"og:url\" content=\"https:\/\/ecole-secondairerogercomtois.cssc.gouv.qc.ca\/integratic\/description\/secondaire-3\/\" \/>\n<meta property=\"og:site_name\" content=\"Int\u00e9gra-TIC\" \/>\n<meta property=\"article:modified_time\" content=\"2018-02-07T01:39:19+00:00\" \/>\n<meta property=\"og:image\" content=\"http:\/\/ecole-secondairerogercomtois.cssc.gouv.qc.ca\/integratic\/wp-content\/uploads\/sites\/7\/2017\/03\/Dreamweaver.png\" \/>\n<meta name=\"twitter:card\" content=\"summary_large_image\" \/>\n<meta name=\"twitter:label1\" content=\"Dur\u00e9e de lecture estim\u00e9e\" \/>\n\t<meta name=\"twitter:data1\" content=\"1 minute\" \/>\n<script type=\"application\/ld+json\" class=\"yoast-schema-graph\">{\"@context\":\"https:\\\/\\\/schema.org\",\"@graph\":[{\"@type\":\"WebPage\",\"@id\":\"https:\\\/\\\/ecole-secondairerogercomtois.cssc.gouv.qc.ca\\\/integratic\\\/description\\\/secondaire-3\\\/\",\"url\":\"https:\\\/\\\/ecole-secondairerogercomtois.cssc.gouv.qc.ca\\\/integratic\\\/description\\\/secondaire-3\\\/\",\"name\":\"Secondaire 3 - Int\u00e9gra-TIC\",\"isPartOf\":{\"@id\":\"https:\\\/\\\/ecole-secondairerogercomtois.cssc.gouv.qc.ca\\\/integratic\\\/#website\"},\"primaryImageOfPage\":{\"@id\":\"https:\\\/\\\/ecole-secondairerogercomtois.cssc.gouv.qc.ca\\\/integratic\\\/description\\\/secondaire-3\\\/#primaryimage\"},\"image\":{\"@id\":\"https:\\\/\\\/ecole-secondairerogercomtois.cssc.gouv.qc.ca\\\/integratic\\\/description\\\/secondaire-3\\\/#primaryimage\"},\"thumbnailUrl\":\"http:\\\/\\\/ecole-secondairerogercomtois.cssc.gouv.qc.ca\\\/integratic\\\/wp-content\\\/uploads\\\/sites\\\/7\\\/2017\\\/03\\\/Dreamweaver.png\",\"datePublished\":\"2017-03-10T22:44:13+00:00\",\"dateModified\":\"2018-02-07T01:39:19+00:00\",\"breadcrumb\":{\"@id\":\"https:\\\/\\\/ecole-secondairerogercomtois.cssc.gouv.qc.ca\\\/integratic\\\/description\\\/secondaire-3\\\/#breadcrumb\"},\"inLanguage\":\"fr-FR\",\"potentialAction\":[{\"@type\":\"ReadAction\",\"target\":[\"https:\\\/\\\/ecole-secondairerogercomtois.cssc.gouv.qc.ca\\\/integratic\\\/description\\\/secondaire-3\\\/\"]}]},{\"@type\":\"ImageObject\",\"inLanguage\":\"fr-FR\",\"@id\":\"https:\\\/\\\/ecole-secondairerogercomtois.cssc.gouv.qc.ca\\\/integratic\\\/description\\\/secondaire-3\\\/#primaryimage\",\"url\":\"https:\\\/\\\/ecole-secondairerogercomtois.cssc.gouv.qc.ca\\\/integratic\\\/wp-content\\\/uploads\\\/sites\\\/7\\\/2017\\\/03\\\/Dreamweaver.png\",\"contentUrl\":\"https:\\\/\\\/ecole-secondairerogercomtois.cssc.gouv.qc.ca\\\/integratic\\\/wp-content\\\/uploads\\\/sites\\\/7\\\/2017\\\/03\\\/Dreamweaver.png\",\"width\":1920,\"height\":1040},{\"@type\":\"BreadcrumbList\",\"@id\":\"https:\\\/\\\/ecole-secondairerogercomtois.cssc.gouv.qc.ca\\\/integratic\\\/description\\\/secondaire-3\\\/#breadcrumb\",\"itemListElement\":[{\"@type\":\"ListItem\",\"position\":1,\"name\":\"Description\",\"item\":\"https:\\\/\\\/ecole-secondairerogercomtois.cssc.gouv.qc.ca\\\/integratic\\\/description\\\/\"},{\"@type\":\"ListItem\",\"position\":2,\"name\":\"Secondaire 3\"}]},{\"@type\":\"WebSite\",\"@id\":\"https:\\\/\\\/ecole-secondairerogercomtois.cssc.gouv.qc.ca\\\/integratic\\\/#website\",\"url\":\"https:\\\/\\\/ecole-secondairerogercomtois.cssc.gouv.qc.ca\\\/integratic\\\/\",\"name\":\"Int\u00e9gra-TIC\",\"description\":\"Un programme \u00e0 la fine pointe\",\"potentialAction\":[{\"@type\":\"SearchAction\",\"target\":{\"@type\":\"EntryPoint\",\"urlTemplate\":\"https:\\\/\\\/ecole-secondairerogercomtois.cssc.gouv.qc.ca\\\/integratic\\\/?s={search_term_string}\"},\"query-input\":{\"@type\":\"PropertyValueSpecification\",\"valueRequired\":true,\"valueName\":\"search_term_string\"}}],\"inLanguage\":\"fr-FR\"}]}<\/script>\n<!-- \/ Yoast SEO plugin. -->","yoast_head_json":{"title":"Secondaire 3 - Int\u00e9gra-TIC","robots":{"index":"index","follow":"follow","max-snippet":"max-snippet:-1","max-image-preview":"max-image-preview:large","max-video-preview":"max-video-preview:-1"},"canonical":"https:\/\/ecole-secondairerogercomtois.cssc.gouv.qc.ca\/integratic\/description\/secondaire-3\/","og_locale":"fr_FR","og_type":"article","og_title":"Secondaire 3 - Int\u00e9gra-TIC","og_description":"Adobe Dreamweaver Dreamweaver est un \u00e9diteur de site Web \u00e9dit\u00e9 par Adobe. \u00c0 l&rsquo;\u00e9cole, nous utilisons la version CC du programme. &nbsp; Le meilleur outil de cr\u00e9ation de sites Web professionnels est \u00e9galement le meilleur outil de d\u00e9veloppement de puissantes applications dynamiques pour Internet. Ce logiciel permet de travailler dans un environnement unifi\u00e9 qui vous [&hellip;]","og_url":"https:\/\/ecole-secondairerogercomtois.cssc.gouv.qc.ca\/integratic\/description\/secondaire-3\/","og_site_name":"Int\u00e9gra-TIC","article_modified_time":"2018-02-07T01:39:19+00:00","og_image":[{"url":"http:\/\/ecole-secondairerogercomtois.cssc.gouv.qc.ca\/integratic\/wp-content\/uploads\/sites\/7\/2017\/03\/Dreamweaver.png","type":"","width":"","height":""}],"twitter_card":"summary_large_image","twitter_misc":{"Dur\u00e9e de lecture estim\u00e9e":"1 minute"},"schema":{"@context":"https:\/\/schema.org","@graph":[{"@type":"WebPage","@id":"https:\/\/ecole-secondairerogercomtois.cssc.gouv.qc.ca\/integratic\/description\/secondaire-3\/","url":"https:\/\/ecole-secondairerogercomtois.cssc.gouv.qc.ca\/integratic\/description\/secondaire-3\/","name":"Secondaire 3 - Int\u00e9gra-TIC","isPartOf":{"@id":"https:\/\/ecole-secondairerogercomtois.cssc.gouv.qc.ca\/integratic\/#website"},"primaryImageOfPage":{"@id":"https:\/\/ecole-secondairerogercomtois.cssc.gouv.qc.ca\/integratic\/description\/secondaire-3\/#primaryimage"},"image":{"@id":"https:\/\/ecole-secondairerogercomtois.cssc.gouv.qc.ca\/integratic\/description\/secondaire-3\/#primaryimage"},"thumbnailUrl":"http:\/\/ecole-secondairerogercomtois.cssc.gouv.qc.ca\/integratic\/wp-content\/uploads\/sites\/7\/2017\/03\/Dreamweaver.png","datePublished":"2017-03-10T22:44:13+00:00","dateModified":"2018-02-07T01:39:19+00:00","breadcrumb":{"@id":"https:\/\/ecole-secondairerogercomtois.cssc.gouv.qc.ca\/integratic\/description\/secondaire-3\/#breadcrumb"},"inLanguage":"fr-FR","potentialAction":[{"@type":"ReadAction","target":["https:\/\/ecole-secondairerogercomtois.cssc.gouv.qc.ca\/integratic\/description\/secondaire-3\/"]}]},{"@type":"ImageObject","inLanguage":"fr-FR","@id":"https:\/\/ecole-secondairerogercomtois.cssc.gouv.qc.ca\/integratic\/description\/secondaire-3\/#primaryimage","url":"https:\/\/ecole-secondairerogercomtois.cssc.gouv.qc.ca\/integratic\/wp-content\/uploads\/sites\/7\/2017\/03\/Dreamweaver.png","contentUrl":"https:\/\/ecole-secondairerogercomtois.cssc.gouv.qc.ca\/integratic\/wp-content\/uploads\/sites\/7\/2017\/03\/Dreamweaver.png","width":1920,"height":1040},{"@type":"BreadcrumbList","@id":"https:\/\/ecole-secondairerogercomtois.cssc.gouv.qc.ca\/integratic\/description\/secondaire-3\/#breadcrumb","itemListElement":[{"@type":"ListItem","position":1,"name":"Description","item":"https:\/\/ecole-secondairerogercomtois.cssc.gouv.qc.ca\/integratic\/description\/"},{"@type":"ListItem","position":2,"name":"Secondaire 3"}]},{"@type":"WebSite","@id":"https:\/\/ecole-secondairerogercomtois.cssc.gouv.qc.ca\/integratic\/#website","url":"https:\/\/ecole-secondairerogercomtois.cssc.gouv.qc.ca\/integratic\/","name":"Int\u00e9gra-TIC","description":"Un programme \u00e0 la fine pointe","potentialAction":[{"@type":"SearchAction","target":{"@type":"EntryPoint","urlTemplate":"https:\/\/ecole-secondairerogercomtois.cssc.gouv.qc.ca\/integratic\/?s={search_term_string}"},"query-input":{"@type":"PropertyValueSpecification","valueRequired":true,"valueName":"search_term_string"}}],"inLanguage":"fr-FR"}]}},"_links":{"self":[{"href":"https:\/\/ecole-secondairerogercomtois.cssc.gouv.qc.ca\/integratic\/wp-json\/wp\/v2\/pages\/68","targetHints":{"allow":["GET"]}}],"collection":[{"href":"https:\/\/ecole-secondairerogercomtois.cssc.gouv.qc.ca\/integratic\/wp-json\/wp\/v2\/pages"}],"about":[{"href":"https:\/\/ecole-secondairerogercomtois.cssc.gouv.qc.ca\/integratic\/wp-json\/wp\/v2\/types\/page"}],"author":[{"embeddable":true,"href":"https:\/\/ecole-secondairerogercomtois.cssc.gouv.qc.ca\/integratic\/wp-json\/wp\/v2\/users\/45"}],"replies":[{"embeddable":true,"href":"https:\/\/ecole-secondairerogercomtois.cssc.gouv.qc.ca\/integratic\/wp-json\/wp\/v2\/comments?post=68"}],"version-history":[{"count":10,"href":"https:\/\/ecole-secondairerogercomtois.cssc.gouv.qc.ca\/integratic\/wp-json\/wp\/v2\/pages\/68\/revisions"}],"predecessor-version":[{"id":1103,"href":"https:\/\/ecole-secondairerogercomtois.cssc.gouv.qc.ca\/integratic\/wp-json\/wp\/v2\/pages\/68\/revisions\/1103"}],"up":[{"embeddable":true,"href":"https:\/\/ecole-secondairerogercomtois.cssc.gouv.qc.ca\/integratic\/wp-json\/wp\/v2\/pages\/37"}],"wp:attachment":[{"href":"https:\/\/ecole-secondairerogercomtois.cssc.gouv.qc.ca\/integratic\/wp-json\/wp\/v2\/media?parent=68"}],"curies":[{"name":"wp","href":"https:\/\/api.w.org\/{rel}","templated":true}]}}