{"id":70,"date":"2017-03-10T23:44:27","date_gmt":"2017-03-10T22:44:27","guid":{"rendered":"http:\/\/ecole-secondairerogercomtois.cssc.gouv.qc.ca\/integratic\/?page_id=70"},"modified":"2021-10-26T10:44:19","modified_gmt":"2021-10-26T14:44:19","slug":"secondaire-4","status":"publish","type":"page","link":"https:\/\/ecole-secondairerogercomtois.cssc.gouv.qc.ca\/integratic\/description\/secondaire-4\/","title":{"rendered":"Secondaire 4"},"content":{"rendered":"<div id=\"comp-iza1lrjy\" class=\"s9\">\n<div id=\"comp-iza1lrjyinlineContent\" class=\"s9inlineContent\">\n<div id=\"comp-iza1fv0p\" class=\"s4\">\n<p class=\"font_6\"><span style=\"font-size: 36pt;\"><strong>Godot<\/strong><\/span><\/p>\n<\/div>\n<div id=\"comp-iza1fv0r\" class=\"s4\">\n<p class=\"font_7\"><span class=\"color_11\"><a href=\"https:\/\/fr.wikipedia.org\/wiki\/Godot_(moteur_de_jeu)\">Godot<\/a> est un logiciel libre comportant entre autres un moteur 2D, un moteur 3D, un moteur physique, un gestionnaire d&rsquo;animations et un langage script pour programmer des comportements.<\/span><\/p>\n<p class=\"font_7\">Godot permet d&rsquo;importer du contenu (images, son, mod\u00e8les 3D), de cr\u00e9er des animations, de programmer le comportement de diff\u00e9rents \u00e9l\u00e9ments pour en faire des jeux et des applications multiplateformes (PC, web, mobiles, etc.)<\/p>\n<p><img loading=\"lazy\" decoding=\"async\" class=\"alignnone wp-image-1194 size-full\" src=\"http:\/\/ecole-secondairerogercomtois.cssc.gouv.qc.ca\/integratic\/wp-content\/uploads\/sites\/7\/2021\/10\/Capture-1.jpg\" alt=\"\" width=\"1330\" height=\"720\" srcset=\"https:\/\/ecole-secondairerogercomtois.cssc.gouv.qc.ca\/integratic\/wp-content\/uploads\/sites\/7\/2021\/10\/Capture-1.jpg 1330w, https:\/\/ecole-secondairerogercomtois.cssc.gouv.qc.ca\/integratic\/wp-content\/uploads\/sites\/7\/2021\/10\/Capture-1-300x162.jpg 300w, https:\/\/ecole-secondairerogercomtois.cssc.gouv.qc.ca\/integratic\/wp-content\/uploads\/sites\/7\/2021\/10\/Capture-1-1024x554.jpg 1024w, https:\/\/ecole-secondairerogercomtois.cssc.gouv.qc.ca\/integratic\/wp-content\/uploads\/sites\/7\/2021\/10\/Capture-1-768x416.jpg 768w\" sizes=\"auto, (max-width: 1330px) 100vw, 1330px\" \/><\/p>\n<\/div>\n<\/div>\n<\/div>\n<div id=\"comp-izddstng\" class=\"s9\"><\/div>\n","protected":false},"excerpt":{"rendered":"<p>Godot Godot est un logiciel libre comportant entre autres un moteur 2D, un moteur 3D, un moteur physique, un gestionnaire d&rsquo;animations et un langage script pour programmer des comportements. Godot permet d&rsquo;importer du contenu (images, son, mod\u00e8les 3D), de cr\u00e9er des animations, de programmer le comportement de diff\u00e9rents \u00e9l\u00e9ments pour en faire des jeux et [&hellip;]<\/p>\n","protected":false},"author":45,"featured_media":0,"parent":37,"menu_order":0,"comment_status":"closed","ping_status":"closed","template":"","meta":{"_acf_changed":false,"inline_featured_image":false,"footnotes":""},"class_list":["post-70","page","type-page","status-publish","czr-hentry"],"acf":[],"yoast_head":"<!-- This site is optimized with the Yoast SEO plugin v27.3 - https:\/\/yoast.com\/product\/yoast-seo-wordpress\/ -->\n<title>Secondaire 4 - Int\u00e9gra-TIC<\/title>\n<meta name=\"robots\" content=\"index, follow, max-snippet:-1, max-image-preview:large, max-video-preview:-1\" \/>\n<link rel=\"canonical\" href=\"https:\/\/ecole-secondairerogercomtois.cssc.gouv.qc.ca\/integratic\/description\/secondaire-4\/\" \/>\n<meta property=\"og:locale\" content=\"fr_FR\" \/>\n<meta property=\"og:type\" content=\"article\" \/>\n<meta property=\"og:title\" content=\"Secondaire 4 - Int\u00e9gra-TIC\" \/>\n<meta property=\"og:description\" content=\"Godot Godot est un logiciel libre comportant entre autres un moteur 2D, un moteur 3D, un moteur physique, un gestionnaire d&rsquo;animations et un langage script pour programmer des comportements. Godot permet d&rsquo;importer du contenu (images, son, mod\u00e8les 3D), de cr\u00e9er des animations, de programmer le comportement de diff\u00e9rents \u00e9l\u00e9ments pour en faire des jeux et [&hellip;]\" \/>\n<meta property=\"og:url\" content=\"https:\/\/ecole-secondairerogercomtois.cssc.gouv.qc.ca\/integratic\/description\/secondaire-4\/\" \/>\n<meta property=\"og:site_name\" content=\"Int\u00e9gra-TIC\" \/>\n<meta property=\"article:modified_time\" content=\"2021-10-26T14:44:19+00:00\" \/>\n<meta property=\"og:image\" content=\"http:\/\/ecole-secondairerogercomtois.cssc.gouv.qc.ca\/integratic\/wp-content\/uploads\/sites\/7\/2021\/10\/Capture-1.jpg\" \/>\n<meta name=\"twitter:card\" content=\"summary_large_image\" \/>\n<script type=\"application\/ld+json\" class=\"yoast-schema-graph\">{\"@context\":\"https:\\\/\\\/schema.org\",\"@graph\":[{\"@type\":\"WebPage\",\"@id\":\"https:\\\/\\\/ecole-secondairerogercomtois.cssc.gouv.qc.ca\\\/integratic\\\/description\\\/secondaire-4\\\/\",\"url\":\"https:\\\/\\\/ecole-secondairerogercomtois.cssc.gouv.qc.ca\\\/integratic\\\/description\\\/secondaire-4\\\/\",\"name\":\"Secondaire 4 - Int\u00e9gra-TIC\",\"isPartOf\":{\"@id\":\"https:\\\/\\\/ecole-secondairerogercomtois.cssc.gouv.qc.ca\\\/integratic\\\/#website\"},\"primaryImageOfPage\":{\"@id\":\"https:\\\/\\\/ecole-secondairerogercomtois.cssc.gouv.qc.ca\\\/integratic\\\/description\\\/secondaire-4\\\/#primaryimage\"},\"image\":{\"@id\":\"https:\\\/\\\/ecole-secondairerogercomtois.cssc.gouv.qc.ca\\\/integratic\\\/description\\\/secondaire-4\\\/#primaryimage\"},\"thumbnailUrl\":\"http:\\\/\\\/ecole-secondairerogercomtois.cssc.gouv.qc.ca\\\/integratic\\\/wp-content\\\/uploads\\\/sites\\\/7\\\/2021\\\/10\\\/Capture-1.jpg\",\"datePublished\":\"2017-03-10T22:44:27+00:00\",\"dateModified\":\"2021-10-26T14:44:19+00:00\",\"breadcrumb\":{\"@id\":\"https:\\\/\\\/ecole-secondairerogercomtois.cssc.gouv.qc.ca\\\/integratic\\\/description\\\/secondaire-4\\\/#breadcrumb\"},\"inLanguage\":\"fr-FR\",\"potentialAction\":[{\"@type\":\"ReadAction\",\"target\":[\"https:\\\/\\\/ecole-secondairerogercomtois.cssc.gouv.qc.ca\\\/integratic\\\/description\\\/secondaire-4\\\/\"]}]},{\"@type\":\"ImageObject\",\"inLanguage\":\"fr-FR\",\"@id\":\"https:\\\/\\\/ecole-secondairerogercomtois.cssc.gouv.qc.ca\\\/integratic\\\/description\\\/secondaire-4\\\/#primaryimage\",\"url\":\"https:\\\/\\\/ecole-secondairerogercomtois.cssc.gouv.qc.ca\\\/integratic\\\/wp-content\\\/uploads\\\/sites\\\/7\\\/2021\\\/10\\\/Capture-1.jpg\",\"contentUrl\":\"https:\\\/\\\/ecole-secondairerogercomtois.cssc.gouv.qc.ca\\\/integratic\\\/wp-content\\\/uploads\\\/sites\\\/7\\\/2021\\\/10\\\/Capture-1.jpg\",\"width\":1330,\"height\":720},{\"@type\":\"BreadcrumbList\",\"@id\":\"https:\\\/\\\/ecole-secondairerogercomtois.cssc.gouv.qc.ca\\\/integratic\\\/description\\\/secondaire-4\\\/#breadcrumb\",\"itemListElement\":[{\"@type\":\"ListItem\",\"position\":1,\"name\":\"Description\",\"item\":\"https:\\\/\\\/ecole-secondairerogercomtois.cssc.gouv.qc.ca\\\/integratic\\\/description\\\/\"},{\"@type\":\"ListItem\",\"position\":2,\"name\":\"Secondaire 4\"}]},{\"@type\":\"WebSite\",\"@id\":\"https:\\\/\\\/ecole-secondairerogercomtois.cssc.gouv.qc.ca\\\/integratic\\\/#website\",\"url\":\"https:\\\/\\\/ecole-secondairerogercomtois.cssc.gouv.qc.ca\\\/integratic\\\/\",\"name\":\"Int\u00e9gra-TIC\",\"description\":\"Un programme \u00e0 la fine pointe\",\"potentialAction\":[{\"@type\":\"SearchAction\",\"target\":{\"@type\":\"EntryPoint\",\"urlTemplate\":\"https:\\\/\\\/ecole-secondairerogercomtois.cssc.gouv.qc.ca\\\/integratic\\\/?s={search_term_string}\"},\"query-input\":{\"@type\":\"PropertyValueSpecification\",\"valueRequired\":true,\"valueName\":\"search_term_string\"}}],\"inLanguage\":\"fr-FR\"}]}<\/script>\n<!-- \/ Yoast SEO plugin. -->","yoast_head_json":{"title":"Secondaire 4 - Int\u00e9gra-TIC","robots":{"index":"index","follow":"follow","max-snippet":"max-snippet:-1","max-image-preview":"max-image-preview:large","max-video-preview":"max-video-preview:-1"},"canonical":"https:\/\/ecole-secondairerogercomtois.cssc.gouv.qc.ca\/integratic\/description\/secondaire-4\/","og_locale":"fr_FR","og_type":"article","og_title":"Secondaire 4 - Int\u00e9gra-TIC","og_description":"Godot Godot est un logiciel libre comportant entre autres un moteur 2D, un moteur 3D, un moteur physique, un gestionnaire d&rsquo;animations et un langage script pour programmer des comportements. Godot permet d&rsquo;importer du contenu (images, son, mod\u00e8les 3D), de cr\u00e9er des animations, de programmer le comportement de diff\u00e9rents \u00e9l\u00e9ments pour en faire des jeux et [&hellip;]","og_url":"https:\/\/ecole-secondairerogercomtois.cssc.gouv.qc.ca\/integratic\/description\/secondaire-4\/","og_site_name":"Int\u00e9gra-TIC","article_modified_time":"2021-10-26T14:44:19+00:00","og_image":[{"url":"http:\/\/ecole-secondairerogercomtois.cssc.gouv.qc.ca\/integratic\/wp-content\/uploads\/sites\/7\/2021\/10\/Capture-1.jpg","type":"","width":"","height":""}],"twitter_card":"summary_large_image","schema":{"@context":"https:\/\/schema.org","@graph":[{"@type":"WebPage","@id":"https:\/\/ecole-secondairerogercomtois.cssc.gouv.qc.ca\/integratic\/description\/secondaire-4\/","url":"https:\/\/ecole-secondairerogercomtois.cssc.gouv.qc.ca\/integratic\/description\/secondaire-4\/","name":"Secondaire 4 - Int\u00e9gra-TIC","isPartOf":{"@id":"https:\/\/ecole-secondairerogercomtois.cssc.gouv.qc.ca\/integratic\/#website"},"primaryImageOfPage":{"@id":"https:\/\/ecole-secondairerogercomtois.cssc.gouv.qc.ca\/integratic\/description\/secondaire-4\/#primaryimage"},"image":{"@id":"https:\/\/ecole-secondairerogercomtois.cssc.gouv.qc.ca\/integratic\/description\/secondaire-4\/#primaryimage"},"thumbnailUrl":"http:\/\/ecole-secondairerogercomtois.cssc.gouv.qc.ca\/integratic\/wp-content\/uploads\/sites\/7\/2021\/10\/Capture-1.jpg","datePublished":"2017-03-10T22:44:27+00:00","dateModified":"2021-10-26T14:44:19+00:00","breadcrumb":{"@id":"https:\/\/ecole-secondairerogercomtois.cssc.gouv.qc.ca\/integratic\/description\/secondaire-4\/#breadcrumb"},"inLanguage":"fr-FR","potentialAction":[{"@type":"ReadAction","target":["https:\/\/ecole-secondairerogercomtois.cssc.gouv.qc.ca\/integratic\/description\/secondaire-4\/"]}]},{"@type":"ImageObject","inLanguage":"fr-FR","@id":"https:\/\/ecole-secondairerogercomtois.cssc.gouv.qc.ca\/integratic\/description\/secondaire-4\/#primaryimage","url":"https:\/\/ecole-secondairerogercomtois.cssc.gouv.qc.ca\/integratic\/wp-content\/uploads\/sites\/7\/2021\/10\/Capture-1.jpg","contentUrl":"https:\/\/ecole-secondairerogercomtois.cssc.gouv.qc.ca\/integratic\/wp-content\/uploads\/sites\/7\/2021\/10\/Capture-1.jpg","width":1330,"height":720},{"@type":"BreadcrumbList","@id":"https:\/\/ecole-secondairerogercomtois.cssc.gouv.qc.ca\/integratic\/description\/secondaire-4\/#breadcrumb","itemListElement":[{"@type":"ListItem","position":1,"name":"Description","item":"https:\/\/ecole-secondairerogercomtois.cssc.gouv.qc.ca\/integratic\/description\/"},{"@type":"ListItem","position":2,"name":"Secondaire 4"}]},{"@type":"WebSite","@id":"https:\/\/ecole-secondairerogercomtois.cssc.gouv.qc.ca\/integratic\/#website","url":"https:\/\/ecole-secondairerogercomtois.cssc.gouv.qc.ca\/integratic\/","name":"Int\u00e9gra-TIC","description":"Un programme \u00e0 la fine pointe","potentialAction":[{"@type":"SearchAction","target":{"@type":"EntryPoint","urlTemplate":"https:\/\/ecole-secondairerogercomtois.cssc.gouv.qc.ca\/integratic\/?s={search_term_string}"},"query-input":{"@type":"PropertyValueSpecification","valueRequired":true,"valueName":"search_term_string"}}],"inLanguage":"fr-FR"}]}},"_links":{"self":[{"href":"https:\/\/ecole-secondairerogercomtois.cssc.gouv.qc.ca\/integratic\/wp-json\/wp\/v2\/pages\/70","targetHints":{"allow":["GET"]}}],"collection":[{"href":"https:\/\/ecole-secondairerogercomtois.cssc.gouv.qc.ca\/integratic\/wp-json\/wp\/v2\/pages"}],"about":[{"href":"https:\/\/ecole-secondairerogercomtois.cssc.gouv.qc.ca\/integratic\/wp-json\/wp\/v2\/types\/page"}],"author":[{"embeddable":true,"href":"https:\/\/ecole-secondairerogercomtois.cssc.gouv.qc.ca\/integratic\/wp-json\/wp\/v2\/users\/45"}],"replies":[{"embeddable":true,"href":"https:\/\/ecole-secondairerogercomtois.cssc.gouv.qc.ca\/integratic\/wp-json\/wp\/v2\/comments?post=70"}],"version-history":[{"count":11,"href":"https:\/\/ecole-secondairerogercomtois.cssc.gouv.qc.ca\/integratic\/wp-json\/wp\/v2\/pages\/70\/revisions"}],"predecessor-version":[{"id":1195,"href":"https:\/\/ecole-secondairerogercomtois.cssc.gouv.qc.ca\/integratic\/wp-json\/wp\/v2\/pages\/70\/revisions\/1195"}],"up":[{"embeddable":true,"href":"https:\/\/ecole-secondairerogercomtois.cssc.gouv.qc.ca\/integratic\/wp-json\/wp\/v2\/pages\/37"}],"wp:attachment":[{"href":"https:\/\/ecole-secondairerogercomtois.cssc.gouv.qc.ca\/integratic\/wp-json\/wp\/v2\/media?parent=70"}],"curies":[{"name":"wp","href":"https:\/\/api.w.org\/{rel}","templated":true}]}}