{"id":72,"date":"2017-03-10T23:44:44","date_gmt":"2017-03-10T22:44:44","guid":{"rendered":"http:\/\/ecole-secondairerogercomtois.cssc.gouv.qc.ca\/integratic\/?page_id=72"},"modified":"2021-10-26T10:40:01","modified_gmt":"2021-10-26T14:40:01","slug":"secondaire-5","status":"publish","type":"page","link":"https:\/\/ecole-secondairerogercomtois.cssc.gouv.qc.ca\/integratic\/description\/secondaire-5\/","title":{"rendered":"Secondaire 5"},"content":{"rendered":"<div id=\"comp-iza1lrjy\" class=\"s9\">\n<div id=\"comp-iza1lrjyinlineContent\" class=\"s9inlineContent\">\n<div id=\"comp-iza1fv0p\" class=\"s4\">\n<p class=\"font_6\"><span style=\"font-size: 36pt;\"><strong>Blender<\/strong><\/span><\/p>\n<\/div>\n<div id=\"comp-iza1fv0r\" class=\"s4\">\n<p class=\"font_7\"><a href=\"https:\/\/fr.wikipedia.org\/wiki\/Blender\">Blender<\/a> est un logiciel libre de mod\u00e9lisation, d\u2019animation par ordinateur et de rendu en 3D<\/p>\n<p class=\"font_7\">Il propose des fonctions avanc\u00e9es de mod\u00e9lisation (dont la sculpture 3D, le texturage et d\u00e9pliage UV, etc), d\u2019animation 3D (rigging, blend shapes), et de rendu (\u00e9clairage, reflet, transparence, etc). Il g\u00e8re aussi le montage vid\u00e9o non lin\u00e9aire, la composition, ainsi que diverses simulations physiques telles que les particules, les corps rigides, les corps souples et les fluides.<\/p>\n<\/div>\n<p><img loading=\"lazy\" decoding=\"async\" class=\"alignnone wp-image-1190 size-full\" src=\"http:\/\/ecole-secondairerogercomtois.cssc.gouv.qc.ca\/integratic\/wp-content\/uploads\/sites\/7\/2021\/10\/Capture.jpg\" alt=\"\" width=\"1330\" height=\"720\" srcset=\"https:\/\/ecole-secondairerogercomtois.cssc.gouv.qc.ca\/integratic\/wp-content\/uploads\/sites\/7\/2021\/10\/Capture.jpg 1330w, https:\/\/ecole-secondairerogercomtois.cssc.gouv.qc.ca\/integratic\/wp-content\/uploads\/sites\/7\/2021\/10\/Capture-300x162.jpg 300w, https:\/\/ecole-secondairerogercomtois.cssc.gouv.qc.ca\/integratic\/wp-content\/uploads\/sites\/7\/2021\/10\/Capture-1024x554.jpg 1024w, https:\/\/ecole-secondairerogercomtois.cssc.gouv.qc.ca\/integratic\/wp-content\/uploads\/sites\/7\/2021\/10\/Capture-768x416.jpg 768w\" sizes=\"auto, (max-width: 1330px) 100vw, 1330px\" \/><\/p>\n<\/div>\n<\/div>\n<div id=\"comp-izddstng\" class=\"s9\"><\/div>\n","protected":false},"excerpt":{"rendered":"<p>Blender Blender est un logiciel libre de mod\u00e9lisation, d\u2019animation par ordinateur et de rendu en 3D Il propose des fonctions avanc\u00e9es de mod\u00e9lisation (dont la sculpture 3D, le texturage et d\u00e9pliage UV, etc), d\u2019animation 3D (rigging, blend shapes), et de rendu (\u00e9clairage, reflet, transparence, etc). Il g\u00e8re aussi le montage vid\u00e9o non lin\u00e9aire, la composition, [&hellip;]<\/p>\n","protected":false},"author":45,"featured_media":0,"parent":37,"menu_order":0,"comment_status":"closed","ping_status":"closed","template":"","meta":{"_acf_changed":false,"inline_featured_image":false,"footnotes":""},"class_list":["post-72","page","type-page","status-publish","czr-hentry"],"acf":[],"yoast_head":"<!-- This site is optimized with the Yoast SEO plugin v27.3 - https:\/\/yoast.com\/product\/yoast-seo-wordpress\/ -->\n<title>Secondaire 5 - Int\u00e9gra-TIC<\/title>\n<meta name=\"robots\" content=\"index, follow, max-snippet:-1, max-image-preview:large, max-video-preview:-1\" \/>\n<link rel=\"canonical\" href=\"https:\/\/ecole-secondairerogercomtois.cssc.gouv.qc.ca\/integratic\/description\/secondaire-5\/\" \/>\n<meta property=\"og:locale\" content=\"fr_FR\" \/>\n<meta property=\"og:type\" content=\"article\" \/>\n<meta property=\"og:title\" content=\"Secondaire 5 - Int\u00e9gra-TIC\" \/>\n<meta property=\"og:description\" content=\"Blender Blender est un logiciel libre de mod\u00e9lisation, d\u2019animation par ordinateur et de rendu en 3D Il propose des fonctions avanc\u00e9es de mod\u00e9lisation (dont la sculpture 3D, le texturage et d\u00e9pliage UV, etc), d\u2019animation 3D (rigging, blend shapes), et de rendu (\u00e9clairage, reflet, transparence, etc). Il g\u00e8re aussi le montage vid\u00e9o non lin\u00e9aire, la composition, [&hellip;]\" \/>\n<meta property=\"og:url\" content=\"https:\/\/ecole-secondairerogercomtois.cssc.gouv.qc.ca\/integratic\/description\/secondaire-5\/\" \/>\n<meta property=\"og:site_name\" content=\"Int\u00e9gra-TIC\" \/>\n<meta property=\"article:modified_time\" content=\"2021-10-26T14:40:01+00:00\" \/>\n<meta property=\"og:image\" content=\"http:\/\/ecole-secondairerogercomtois.cssc.gouv.qc.ca\/integratic\/wp-content\/uploads\/sites\/7\/2021\/10\/Capture.jpg\" \/>\n<meta name=\"twitter:card\" content=\"summary_large_image\" \/>\n<script type=\"application\/ld+json\" class=\"yoast-schema-graph\">{\"@context\":\"https:\\\/\\\/schema.org\",\"@graph\":[{\"@type\":\"WebPage\",\"@id\":\"https:\\\/\\\/ecole-secondairerogercomtois.cssc.gouv.qc.ca\\\/integratic\\\/description\\\/secondaire-5\\\/\",\"url\":\"https:\\\/\\\/ecole-secondairerogercomtois.cssc.gouv.qc.ca\\\/integratic\\\/description\\\/secondaire-5\\\/\",\"name\":\"Secondaire 5 - Int\u00e9gra-TIC\",\"isPartOf\":{\"@id\":\"https:\\\/\\\/ecole-secondairerogercomtois.cssc.gouv.qc.ca\\\/integratic\\\/#website\"},\"primaryImageOfPage\":{\"@id\":\"https:\\\/\\\/ecole-secondairerogercomtois.cssc.gouv.qc.ca\\\/integratic\\\/description\\\/secondaire-5\\\/#primaryimage\"},\"image\":{\"@id\":\"https:\\\/\\\/ecole-secondairerogercomtois.cssc.gouv.qc.ca\\\/integratic\\\/description\\\/secondaire-5\\\/#primaryimage\"},\"thumbnailUrl\":\"http:\\\/\\\/ecole-secondairerogercomtois.cssc.gouv.qc.ca\\\/integratic\\\/wp-content\\\/uploads\\\/sites\\\/7\\\/2021\\\/10\\\/Capture.jpg\",\"datePublished\":\"2017-03-10T22:44:44+00:00\",\"dateModified\":\"2021-10-26T14:40:01+00:00\",\"breadcrumb\":{\"@id\":\"https:\\\/\\\/ecole-secondairerogercomtois.cssc.gouv.qc.ca\\\/integratic\\\/description\\\/secondaire-5\\\/#breadcrumb\"},\"inLanguage\":\"fr-FR\",\"potentialAction\":[{\"@type\":\"ReadAction\",\"target\":[\"https:\\\/\\\/ecole-secondairerogercomtois.cssc.gouv.qc.ca\\\/integratic\\\/description\\\/secondaire-5\\\/\"]}]},{\"@type\":\"ImageObject\",\"inLanguage\":\"fr-FR\",\"@id\":\"https:\\\/\\\/ecole-secondairerogercomtois.cssc.gouv.qc.ca\\\/integratic\\\/description\\\/secondaire-5\\\/#primaryimage\",\"url\":\"https:\\\/\\\/ecole-secondairerogercomtois.cssc.gouv.qc.ca\\\/integratic\\\/wp-content\\\/uploads\\\/sites\\\/7\\\/2021\\\/10\\\/Capture.jpg\",\"contentUrl\":\"https:\\\/\\\/ecole-secondairerogercomtois.cssc.gouv.qc.ca\\\/integratic\\\/wp-content\\\/uploads\\\/sites\\\/7\\\/2021\\\/10\\\/Capture.jpg\",\"width\":1330,\"height\":720},{\"@type\":\"BreadcrumbList\",\"@id\":\"https:\\\/\\\/ecole-secondairerogercomtois.cssc.gouv.qc.ca\\\/integratic\\\/description\\\/secondaire-5\\\/#breadcrumb\",\"itemListElement\":[{\"@type\":\"ListItem\",\"position\":1,\"name\":\"Description\",\"item\":\"https:\\\/\\\/ecole-secondairerogercomtois.cssc.gouv.qc.ca\\\/integratic\\\/description\\\/\"},{\"@type\":\"ListItem\",\"position\":2,\"name\":\"Secondaire 5\"}]},{\"@type\":\"WebSite\",\"@id\":\"https:\\\/\\\/ecole-secondairerogercomtois.cssc.gouv.qc.ca\\\/integratic\\\/#website\",\"url\":\"https:\\\/\\\/ecole-secondairerogercomtois.cssc.gouv.qc.ca\\\/integratic\\\/\",\"name\":\"Int\u00e9gra-TIC\",\"description\":\"Un programme \u00e0 la fine pointe\",\"potentialAction\":[{\"@type\":\"SearchAction\",\"target\":{\"@type\":\"EntryPoint\",\"urlTemplate\":\"https:\\\/\\\/ecole-secondairerogercomtois.cssc.gouv.qc.ca\\\/integratic\\\/?s={search_term_string}\"},\"query-input\":{\"@type\":\"PropertyValueSpecification\",\"valueRequired\":true,\"valueName\":\"search_term_string\"}}],\"inLanguage\":\"fr-FR\"}]}<\/script>\n<!-- \/ Yoast SEO plugin. -->","yoast_head_json":{"title":"Secondaire 5 - Int\u00e9gra-TIC","robots":{"index":"index","follow":"follow","max-snippet":"max-snippet:-1","max-image-preview":"max-image-preview:large","max-video-preview":"max-video-preview:-1"},"canonical":"https:\/\/ecole-secondairerogercomtois.cssc.gouv.qc.ca\/integratic\/description\/secondaire-5\/","og_locale":"fr_FR","og_type":"article","og_title":"Secondaire 5 - Int\u00e9gra-TIC","og_description":"Blender Blender est un logiciel libre de mod\u00e9lisation, d\u2019animation par ordinateur et de rendu en 3D Il propose des fonctions avanc\u00e9es de mod\u00e9lisation (dont la sculpture 3D, le texturage et d\u00e9pliage UV, etc), d\u2019animation 3D (rigging, blend shapes), et de rendu (\u00e9clairage, reflet, transparence, etc). Il g\u00e8re aussi le montage vid\u00e9o non lin\u00e9aire, la composition, [&hellip;]","og_url":"https:\/\/ecole-secondairerogercomtois.cssc.gouv.qc.ca\/integratic\/description\/secondaire-5\/","og_site_name":"Int\u00e9gra-TIC","article_modified_time":"2021-10-26T14:40:01+00:00","og_image":[{"url":"http:\/\/ecole-secondairerogercomtois.cssc.gouv.qc.ca\/integratic\/wp-content\/uploads\/sites\/7\/2021\/10\/Capture.jpg","type":"","width":"","height":""}],"twitter_card":"summary_large_image","schema":{"@context":"https:\/\/schema.org","@graph":[{"@type":"WebPage","@id":"https:\/\/ecole-secondairerogercomtois.cssc.gouv.qc.ca\/integratic\/description\/secondaire-5\/","url":"https:\/\/ecole-secondairerogercomtois.cssc.gouv.qc.ca\/integratic\/description\/secondaire-5\/","name":"Secondaire 5 - Int\u00e9gra-TIC","isPartOf":{"@id":"https:\/\/ecole-secondairerogercomtois.cssc.gouv.qc.ca\/integratic\/#website"},"primaryImageOfPage":{"@id":"https:\/\/ecole-secondairerogercomtois.cssc.gouv.qc.ca\/integratic\/description\/secondaire-5\/#primaryimage"},"image":{"@id":"https:\/\/ecole-secondairerogercomtois.cssc.gouv.qc.ca\/integratic\/description\/secondaire-5\/#primaryimage"},"thumbnailUrl":"http:\/\/ecole-secondairerogercomtois.cssc.gouv.qc.ca\/integratic\/wp-content\/uploads\/sites\/7\/2021\/10\/Capture.jpg","datePublished":"2017-03-10T22:44:44+00:00","dateModified":"2021-10-26T14:40:01+00:00","breadcrumb":{"@id":"https:\/\/ecole-secondairerogercomtois.cssc.gouv.qc.ca\/integratic\/description\/secondaire-5\/#breadcrumb"},"inLanguage":"fr-FR","potentialAction":[{"@type":"ReadAction","target":["https:\/\/ecole-secondairerogercomtois.cssc.gouv.qc.ca\/integratic\/description\/secondaire-5\/"]}]},{"@type":"ImageObject","inLanguage":"fr-FR","@id":"https:\/\/ecole-secondairerogercomtois.cssc.gouv.qc.ca\/integratic\/description\/secondaire-5\/#primaryimage","url":"https:\/\/ecole-secondairerogercomtois.cssc.gouv.qc.ca\/integratic\/wp-content\/uploads\/sites\/7\/2021\/10\/Capture.jpg","contentUrl":"https:\/\/ecole-secondairerogercomtois.cssc.gouv.qc.ca\/integratic\/wp-content\/uploads\/sites\/7\/2021\/10\/Capture.jpg","width":1330,"height":720},{"@type":"BreadcrumbList","@id":"https:\/\/ecole-secondairerogercomtois.cssc.gouv.qc.ca\/integratic\/description\/secondaire-5\/#breadcrumb","itemListElement":[{"@type":"ListItem","position":1,"name":"Description","item":"https:\/\/ecole-secondairerogercomtois.cssc.gouv.qc.ca\/integratic\/description\/"},{"@type":"ListItem","position":2,"name":"Secondaire 5"}]},{"@type":"WebSite","@id":"https:\/\/ecole-secondairerogercomtois.cssc.gouv.qc.ca\/integratic\/#website","url":"https:\/\/ecole-secondairerogercomtois.cssc.gouv.qc.ca\/integratic\/","name":"Int\u00e9gra-TIC","description":"Un programme \u00e0 la fine pointe","potentialAction":[{"@type":"SearchAction","target":{"@type":"EntryPoint","urlTemplate":"https:\/\/ecole-secondairerogercomtois.cssc.gouv.qc.ca\/integratic\/?s={search_term_string}"},"query-input":{"@type":"PropertyValueSpecification","valueRequired":true,"valueName":"search_term_string"}}],"inLanguage":"fr-FR"}]}},"_links":{"self":[{"href":"https:\/\/ecole-secondairerogercomtois.cssc.gouv.qc.ca\/integratic\/wp-json\/wp\/v2\/pages\/72","targetHints":{"allow":["GET"]}}],"collection":[{"href":"https:\/\/ecole-secondairerogercomtois.cssc.gouv.qc.ca\/integratic\/wp-json\/wp\/v2\/pages"}],"about":[{"href":"https:\/\/ecole-secondairerogercomtois.cssc.gouv.qc.ca\/integratic\/wp-json\/wp\/v2\/types\/page"}],"author":[{"embeddable":true,"href":"https:\/\/ecole-secondairerogercomtois.cssc.gouv.qc.ca\/integratic\/wp-json\/wp\/v2\/users\/45"}],"replies":[{"embeddable":true,"href":"https:\/\/ecole-secondairerogercomtois.cssc.gouv.qc.ca\/integratic\/wp-json\/wp\/v2\/comments?post=72"}],"version-history":[{"count":13,"href":"https:\/\/ecole-secondairerogercomtois.cssc.gouv.qc.ca\/integratic\/wp-json\/wp\/v2\/pages\/72\/revisions"}],"predecessor-version":[{"id":1192,"href":"https:\/\/ecole-secondairerogercomtois.cssc.gouv.qc.ca\/integratic\/wp-json\/wp\/v2\/pages\/72\/revisions\/1192"}],"up":[{"embeddable":true,"href":"https:\/\/ecole-secondairerogercomtois.cssc.gouv.qc.ca\/integratic\/wp-json\/wp\/v2\/pages\/37"}],"wp:attachment":[{"href":"https:\/\/ecole-secondairerogercomtois.cssc.gouv.qc.ca\/integratic\/wp-json\/wp\/v2\/media?parent=72"}],"curies":[{"name":"wp","href":"https:\/\/api.w.org\/{rel}","templated":true}]}}