{"id":82,"date":"2017-03-10T23:46:37","date_gmt":"2017-03-10T22:46:37","guid":{"rendered":"http:\/\/ecole-secondairerogercomtois.cssc.gouv.qc.ca\/integratic\/?page_id=82"},"modified":"2025-03-31T16:37:12","modified_gmt":"2025-03-31T20:37:12","slug":"secondaire-3","status":"publish","type":"page","link":"https:\/\/ecole-secondairerogercomtois.cssc.gouv.qc.ca\/integratic\/projets\/secondaire-3\/","title":{"rendered":"Secondaire 3"},"content":{"rendered":"<h2>Sites web<\/h2>\n<p><a href=\"https:\/\/rogercomtois.ca\/integratic\/sec3\/exercice5\/accueil.html\" target=\"_blank\" rel=\"noopener\">Diameubles<\/a><\/p>\n<p><a href=\"https:\/\/rogercomtois.ca\/integratic\/sec3\/entreprise\/Rl.html\" target=\"_blank\" rel=\"noopener\">Kesho<\/a><\/p>\n<p><a href=\"https:\/\/rogercomtois.ca\/integratic\/sec3\/Entreprise-Rosalie-Maude\/accueil.html\" target=\"_blank\" rel=\"noopener\">Trendy Blossom<\/a><\/p>\n<p><a href=\"https:\/\/rogercomtois.ca\/integratic\/sec3\/Projet\/Accueil.html\" target=\"_blank\" rel=\"noopener\">USE<\/a><\/p>\n<h2>Animations<\/h2>\n<p><iframe style=\"width: 100%; height: 600px; border: 0;\" src=\"https:\/\/drive.google.com\/embeddedfolderview?id=1jvRlxWbZJKRpJwUb1AIbuYnWS07aN66Q#grid\"><\/iframe><\/p>\n","protected":false},"excerpt":{"rendered":"<p>Sites web Diameubles Kesho Trendy Blossom USE Animations<\/p>\n","protected":false},"author":18,"featured_media":0,"parent":76,"menu_order":0,"comment_status":"closed","ping_status":"closed","template":"","meta":{"_acf_changed":false,"inline_featured_image":false,"footnotes":""},"class_list":["post-82","page","type-page","status-publish","czr-hentry"],"acf":[],"yoast_head":"<!-- This site is optimized with the Yoast SEO plugin v27.3 - https:\/\/yoast.com\/product\/yoast-seo-wordpress\/ -->\n<title>Secondaire 3 - Int\u00e9gra-TIC<\/title>\n<meta name=\"robots\" content=\"index, follow, max-snippet:-1, max-image-preview:large, max-video-preview:-1\" \/>\n<link rel=\"canonical\" href=\"https:\/\/ecole-secondairerogercomtois.cssc.gouv.qc.ca\/integratic\/projets\/secondaire-3\/\" \/>\n<meta property=\"og:locale\" content=\"fr_FR\" \/>\n<meta property=\"og:type\" content=\"article\" \/>\n<meta property=\"og:title\" content=\"Secondaire 3 - Int\u00e9gra-TIC\" \/>\n<meta property=\"og:description\" content=\"Sites web Diameubles Kesho Trendy Blossom USE Animations\" \/>\n<meta property=\"og:url\" content=\"https:\/\/ecole-secondairerogercomtois.cssc.gouv.qc.ca\/integratic\/projets\/secondaire-3\/\" \/>\n<meta property=\"og:site_name\" content=\"Int\u00e9gra-TIC\" \/>\n<meta property=\"article:modified_time\" content=\"2025-03-31T20:37:12+00:00\" \/>\n<meta name=\"twitter:card\" content=\"summary_large_image\" \/>\n<meta name=\"twitter:label1\" content=\"Dur\u00e9e de lecture estim\u00e9e\" \/>\n\t<meta name=\"twitter:data1\" content=\"1 minute\" \/>\n<script type=\"application\/ld+json\" class=\"yoast-schema-graph\">{\"@context\":\"https:\\\/\\\/schema.org\",\"@graph\":[{\"@type\":\"WebPage\",\"@id\":\"https:\\\/\\\/ecole-secondairerogercomtois.cssc.gouv.qc.ca\\\/integratic\\\/projets\\\/secondaire-3\\\/\",\"url\":\"https:\\\/\\\/ecole-secondairerogercomtois.cssc.gouv.qc.ca\\\/integratic\\\/projets\\\/secondaire-3\\\/\",\"name\":\"Secondaire 3 - Int\u00e9gra-TIC\",\"isPartOf\":{\"@id\":\"https:\\\/\\\/ecole-secondairerogercomtois.cssc.gouv.qc.ca\\\/integratic\\\/#website\"},\"datePublished\":\"2017-03-10T22:46:37+00:00\",\"dateModified\":\"2025-03-31T20:37:12+00:00\",\"breadcrumb\":{\"@id\":\"https:\\\/\\\/ecole-secondairerogercomtois.cssc.gouv.qc.ca\\\/integratic\\\/projets\\\/secondaire-3\\\/#breadcrumb\"},\"inLanguage\":\"fr-FR\",\"potentialAction\":[{\"@type\":\"ReadAction\",\"target\":[\"https:\\\/\\\/ecole-secondairerogercomtois.cssc.gouv.qc.ca\\\/integratic\\\/projets\\\/secondaire-3\\\/\"]}]},{\"@type\":\"BreadcrumbList\",\"@id\":\"https:\\\/\\\/ecole-secondairerogercomtois.cssc.gouv.qc.ca\\\/integratic\\\/projets\\\/secondaire-3\\\/#breadcrumb\",\"itemListElement\":[{\"@type\":\"ListItem\",\"position\":1,\"name\":\"Projets\",\"item\":\"https:\\\/\\\/ecole-secondairerogercomtois.cssc.gouv.qc.ca\\\/integratic\\\/projets\\\/\"},{\"@type\":\"ListItem\",\"position\":2,\"name\":\"Secondaire 3\"}]},{\"@type\":\"WebSite\",\"@id\":\"https:\\\/\\\/ecole-secondairerogercomtois.cssc.gouv.qc.ca\\\/integratic\\\/#website\",\"url\":\"https:\\\/\\\/ecole-secondairerogercomtois.cssc.gouv.qc.ca\\\/integratic\\\/\",\"name\":\"Int\u00e9gra-TIC\",\"description\":\"Un programme \u00e0 la fine pointe\",\"potentialAction\":[{\"@type\":\"SearchAction\",\"target\":{\"@type\":\"EntryPoint\",\"urlTemplate\":\"https:\\\/\\\/ecole-secondairerogercomtois.cssc.gouv.qc.ca\\\/integratic\\\/?s={search_term_string}\"},\"query-input\":{\"@type\":\"PropertyValueSpecification\",\"valueRequired\":true,\"valueName\":\"search_term_string\"}}],\"inLanguage\":\"fr-FR\"}]}<\/script>\n<!-- \/ Yoast SEO plugin. -->","yoast_head_json":{"title":"Secondaire 3 - Int\u00e9gra-TIC","robots":{"index":"index","follow":"follow","max-snippet":"max-snippet:-1","max-image-preview":"max-image-preview:large","max-video-preview":"max-video-preview:-1"},"canonical":"https:\/\/ecole-secondairerogercomtois.cssc.gouv.qc.ca\/integratic\/projets\/secondaire-3\/","og_locale":"fr_FR","og_type":"article","og_title":"Secondaire 3 - Int\u00e9gra-TIC","og_description":"Sites web Diameubles Kesho Trendy Blossom USE Animations","og_url":"https:\/\/ecole-secondairerogercomtois.cssc.gouv.qc.ca\/integratic\/projets\/secondaire-3\/","og_site_name":"Int\u00e9gra-TIC","article_modified_time":"2025-03-31T20:37:12+00:00","twitter_card":"summary_large_image","twitter_misc":{"Dur\u00e9e de lecture estim\u00e9e":"1 minute"},"schema":{"@context":"https:\/\/schema.org","@graph":[{"@type":"WebPage","@id":"https:\/\/ecole-secondairerogercomtois.cssc.gouv.qc.ca\/integratic\/projets\/secondaire-3\/","url":"https:\/\/ecole-secondairerogercomtois.cssc.gouv.qc.ca\/integratic\/projets\/secondaire-3\/","name":"Secondaire 3 - Int\u00e9gra-TIC","isPartOf":{"@id":"https:\/\/ecole-secondairerogercomtois.cssc.gouv.qc.ca\/integratic\/#website"},"datePublished":"2017-03-10T22:46:37+00:00","dateModified":"2025-03-31T20:37:12+00:00","breadcrumb":{"@id":"https:\/\/ecole-secondairerogercomtois.cssc.gouv.qc.ca\/integratic\/projets\/secondaire-3\/#breadcrumb"},"inLanguage":"fr-FR","potentialAction":[{"@type":"ReadAction","target":["https:\/\/ecole-secondairerogercomtois.cssc.gouv.qc.ca\/integratic\/projets\/secondaire-3\/"]}]},{"@type":"BreadcrumbList","@id":"https:\/\/ecole-secondairerogercomtois.cssc.gouv.qc.ca\/integratic\/projets\/secondaire-3\/#breadcrumb","itemListElement":[{"@type":"ListItem","position":1,"name":"Projets","item":"https:\/\/ecole-secondairerogercomtois.cssc.gouv.qc.ca\/integratic\/projets\/"},{"@type":"ListItem","position":2,"name":"Secondaire 3"}]},{"@type":"WebSite","@id":"https:\/\/ecole-secondairerogercomtois.cssc.gouv.qc.ca\/integratic\/#website","url":"https:\/\/ecole-secondairerogercomtois.cssc.gouv.qc.ca\/integratic\/","name":"Int\u00e9gra-TIC","description":"Un programme \u00e0 la fine pointe","potentialAction":[{"@type":"SearchAction","target":{"@type":"EntryPoint","urlTemplate":"https:\/\/ecole-secondairerogercomtois.cssc.gouv.qc.ca\/integratic\/?s={search_term_string}"},"query-input":{"@type":"PropertyValueSpecification","valueRequired":true,"valueName":"search_term_string"}}],"inLanguage":"fr-FR"}]}},"_links":{"self":[{"href":"https:\/\/ecole-secondairerogercomtois.cssc.gouv.qc.ca\/integratic\/wp-json\/wp\/v2\/pages\/82","targetHints":{"allow":["GET"]}}],"collection":[{"href":"https:\/\/ecole-secondairerogercomtois.cssc.gouv.qc.ca\/integratic\/wp-json\/wp\/v2\/pages"}],"about":[{"href":"https:\/\/ecole-secondairerogercomtois.cssc.gouv.qc.ca\/integratic\/wp-json\/wp\/v2\/types\/page"}],"author":[{"embeddable":true,"href":"https:\/\/ecole-secondairerogercomtois.cssc.gouv.qc.ca\/integratic\/wp-json\/wp\/v2\/users\/18"}],"replies":[{"embeddable":true,"href":"https:\/\/ecole-secondairerogercomtois.cssc.gouv.qc.ca\/integratic\/wp-json\/wp\/v2\/comments?post=82"}],"version-history":[{"count":25,"href":"https:\/\/ecole-secondairerogercomtois.cssc.gouv.qc.ca\/integratic\/wp-json\/wp\/v2\/pages\/82\/revisions"}],"predecessor-version":[{"id":1300,"href":"https:\/\/ecole-secondairerogercomtois.cssc.gouv.qc.ca\/integratic\/wp-json\/wp\/v2\/pages\/82\/revisions\/1300"}],"up":[{"embeddable":true,"href":"https:\/\/ecole-secondairerogercomtois.cssc.gouv.qc.ca\/integratic\/wp-json\/wp\/v2\/pages\/76"}],"wp:attachment":[{"href":"https:\/\/ecole-secondairerogercomtois.cssc.gouv.qc.ca\/integratic\/wp-json\/wp\/v2\/media?parent=82"}],"curies":[{"name":"wp","href":"https:\/\/api.w.org\/{rel}","templated":true}]}}